{"id":4014,"date":"2023-11-27T13:13:44","date_gmt":"2023-11-27T12:13:44","guid":{"rendered":"https:\/\/didoc.be\/product\/le-bonheur-de-vivre-pres-de-dieu-st-augustin\/"},"modified":"2024-05-23T12:19:15","modified_gmt":"2024-05-23T10:19:15","slug":"le-bonheur-de-vivre-pres-de-dieu-st-augustin","status":"publish","type":"product","link":"https:\/\/didoc.be\/fr\/product\/le-bonheur-de-vivre-pres-de-dieu-st-augustin\/","title":{"rendered":"Le bonheur de vivre pr\u00e8s de Dieu (St. Augustin)"},"content":{"rendered":"","protected":false},"excerpt":{"rendered":"<p>Le bonheur de vivre pr\u00e8s de Dieu (Saint Augustin)<\/p>\n<p>Le Laurier, 2002<\/p>\n<p>64 pages<\/p>\n<p>ISBN : 978-2-86495-240-4 <\/p>\n<p>Extraits de textes de Saint Augustin invitant \u00e0 rechercher au cours de notre vie le bonheur qui dure \u00e9ternellement : celui de vivre pr\u00e8s de Dieu.<\/p>\n","protected":false},"featured_media":1374,"comment_status":"open","ping_status":"closed","template":"","meta":{"inline_featured_image":false},"product_brand":[],"product_cat":[50,51],"product_tag":[],"class_list":{"0":"post-4014","1":"product","2":"type-product","3":"status-publish","4":"has-post-thumbnail","6":"product_cat-francais","7":"product_cat-livrets","9":"first","10":"instock","11":"taxable","12":"shipping-taxable","13":"purchasable","14":"product-type-simple"},"acf":[],"_links":{"self":[{"href":"https:\/\/didoc.be\/fr\/wp-json\/wp\/v2\/product\/4014","targetHints":{"allow":["GET"]}}],"collection":[{"href":"https:\/\/didoc.be\/fr\/wp-json\/wp\/v2\/product"}],"about":[{"href":"https:\/\/didoc.be\/fr\/wp-json\/wp\/v2\/types\/product"}],"replies":[{"embeddable":true,"href":"https:\/\/didoc.be\/fr\/wp-json\/wp\/v2\/comments?post=4014"}],"wp:featuredmedia":[{"embeddable":true,"href":"https:\/\/didoc.be\/fr\/wp-json\/wp\/v2\/media\/1374"}],"wp:attachment":[{"href":"https:\/\/didoc.be\/fr\/wp-json\/wp\/v2\/media?parent=4014"}],"wp:term":[{"taxonomy":"product_brand","embeddable":true,"href":"https:\/\/didoc.be\/fr\/wp-json\/wp\/v2\/product_brand?post=4014"},{"taxonomy":"product_cat","embeddable":true,"href":"https:\/\/didoc.be\/fr\/wp-json\/wp\/v2\/product_cat?post=4014"},{"taxonomy":"product_tag","embeddable":true,"href":"https:\/\/didoc.be\/fr\/wp-json\/wp\/v2\/product_tag?post=4014"}],"curies":[{"name":"wp","href":"https:\/\/api.w.org\/{rel}","templated":true}]}}