{"id":4013,"date":"2023-11-27T13:13:44","date_gmt":"2023-11-27T12:13:44","guid":{"rendered":"https:\/\/didoc.be\/product\/le-bienheureux-frederic-ozanam-j-p-savignac\/"},"modified":"2024-05-23T12:19:15","modified_gmt":"2024-05-23T10:19:15","slug":"le-bienheureux-frederic-ozanam-j-p-savignac","status":"publish","type":"product","link":"https:\/\/didoc.be\/fr\/product\/le-bienheureux-frederic-ozanam-j-p-savignac\/","title":{"rendered":"Le bienheureux Fr\u00e9d\u00e9ric Ozanam (J.-P. Savignac)"},"content":{"rendered":"","protected":false},"excerpt":{"rendered":"<p>Le bienheureux Fr\u00e9d\u00e9ric Ozanam (Jean-Paul Savignac)<\/p>\n<p>Le Laurier, 1998<\/p>\n<p>64 pages<\/p>\n<p>ISBN : 978-2-86495-188-9 <\/p>\n<p>Fr\u00e9d\u00e9ric Ozanam a cru en l&rsquo;amour que Dieu a pour tout homme. Il s&rsquo;est lui-m\u00eame senti appel\u00e9 \u00e0 aimer, donnant ainsi l&rsquo;exemple d&rsquo;un grand amour de Dieu et des autres.<\/p>\n","protected":false},"featured_media":1371,"comment_status":"open","ping_status":"closed","template":"","meta":{"inline_featured_image":false},"product_brand":[],"product_cat":[50,51],"product_tag":[],"class_list":{"0":"post-4013","1":"product","2":"type-product","3":"status-publish","4":"has-post-thumbnail","6":"product_cat-francais","7":"product_cat-livrets","9":"first","10":"instock","11":"taxable","12":"shipping-taxable","13":"purchasable","14":"product-type-simple"},"acf":[],"_links":{"self":[{"href":"https:\/\/didoc.be\/fr\/wp-json\/wp\/v2\/product\/4013","targetHints":{"allow":["GET"]}}],"collection":[{"href":"https:\/\/didoc.be\/fr\/wp-json\/wp\/v2\/product"}],"about":[{"href":"https:\/\/didoc.be\/fr\/wp-json\/wp\/v2\/types\/product"}],"replies":[{"embeddable":true,"href":"https:\/\/didoc.be\/fr\/wp-json\/wp\/v2\/comments?post=4013"}],"wp:featuredmedia":[{"embeddable":true,"href":"https:\/\/didoc.be\/fr\/wp-json\/wp\/v2\/media\/1371"}],"wp:attachment":[{"href":"https:\/\/didoc.be\/fr\/wp-json\/wp\/v2\/media?parent=4013"}],"wp:term":[{"taxonomy":"product_brand","embeddable":true,"href":"https:\/\/didoc.be\/fr\/wp-json\/wp\/v2\/product_brand?post=4013"},{"taxonomy":"product_cat","embeddable":true,"href":"https:\/\/didoc.be\/fr\/wp-json\/wp\/v2\/product_cat?post=4013"},{"taxonomy":"product_tag","embeddable":true,"href":"https:\/\/didoc.be\/fr\/wp-json\/wp\/v2\/product_tag?post=4013"}],"curies":[{"name":"wp","href":"https:\/\/api.w.org\/{rel}","templated":true}]}}