{"id":4010,"date":"2023-11-27T13:13:43","date_gmt":"2023-11-27T12:13:43","guid":{"rendered":"https:\/\/didoc.be\/product\/la-vertu-de-la-patience-st-cyprien\/"},"modified":"2024-05-23T12:19:16","modified_gmt":"2024-05-23T10:19:16","slug":"la-vertu-de-la-patience-st-cyprien","status":"publish","type":"product","link":"https:\/\/didoc.be\/fr\/product\/la-vertu-de-la-patience-st-cyprien\/","title":{"rendered":"La vertu de la patience (St. Cyprien)"},"content":{"rendered":"","protected":false},"excerpt":{"rendered":"<p>La vertu de la patience ( Saint Cyprien de Carthage)<\/p>\n<p>Le Laurier (1999)<\/p>\n<p>64 pages<\/p>\n<p>ISBN : 978-2-86495-205-3<\/p>\n<p>La patience est une qualit\u00e9 qui nous est commune avec Dieu. C&rsquo;est Lui qui en est la source, c&rsquo;est de ce principe sublime qu&rsquo;elle en tire tout ce qu&rsquo;elle a d&rsquo;\u00e9clat et de valeur. Son origine et sa grandeur \u00e9mane du P\u00e8re c\u00e9leste. Une vertu qui est si ch\u00e8re \u00e0 Dieu doit \u00eatre aim\u00e9e des hommes. Saint Cyprien de Carthage<\/p>\n","protected":false},"featured_media":1362,"comment_status":"open","ping_status":"closed","template":"","meta":{"inline_featured_image":false},"product_brand":[],"product_cat":[50,51],"product_tag":[],"class_list":{"0":"post-4010","1":"product","2":"type-product","3":"status-publish","4":"has-post-thumbnail","6":"product_cat-francais","7":"product_cat-livrets","9":"first","10":"instock","11":"taxable","12":"shipping-taxable","13":"purchasable","14":"product-type-simple"},"acf":[],"_links":{"self":[{"href":"https:\/\/didoc.be\/fr\/wp-json\/wp\/v2\/product\/4010","targetHints":{"allow":["GET"]}}],"collection":[{"href":"https:\/\/didoc.be\/fr\/wp-json\/wp\/v2\/product"}],"about":[{"href":"https:\/\/didoc.be\/fr\/wp-json\/wp\/v2\/types\/product"}],"replies":[{"embeddable":true,"href":"https:\/\/didoc.be\/fr\/wp-json\/wp\/v2\/comments?post=4010"}],"wp:featuredmedia":[{"embeddable":true,"href":"https:\/\/didoc.be\/fr\/wp-json\/wp\/v2\/media\/1362"}],"wp:attachment":[{"href":"https:\/\/didoc.be\/fr\/wp-json\/wp\/v2\/media?parent=4010"}],"wp:term":[{"taxonomy":"product_brand","embeddable":true,"href":"https:\/\/didoc.be\/fr\/wp-json\/wp\/v2\/product_brand?post=4010"},{"taxonomy":"product_cat","embeddable":true,"href":"https:\/\/didoc.be\/fr\/wp-json\/wp\/v2\/product_cat?post=4010"},{"taxonomy":"product_tag","embeddable":true,"href":"https:\/\/didoc.be\/fr\/wp-json\/wp\/v2\/product_tag?post=4010"}],"curies":[{"name":"wp","href":"https:\/\/api.w.org\/{rel}","templated":true}]}}