{"id":4007,"date":"2023-11-27T13:13:42","date_gmt":"2023-11-27T12:13:42","guid":{"rendered":"https:\/\/didoc.be\/product\/la-pudeur-a-o-delclos\/"},"modified":"2024-05-23T12:19:16","modified_gmt":"2024-05-23T10:19:16","slug":"la-pudeur-a-o-delclos","status":"publish","type":"product","link":"https:\/\/didoc.be\/fr\/product\/la-pudeur-a-o-delclos\/","title":{"rendered":"La pudeur (A. O. Delclos)"},"content":{"rendered":"","protected":false},"excerpt":{"rendered":"<p>La pudeur (Antoine O. Delclos)<\/p>\n<p>Le Laurier, 1996<\/p>\n<p>64 pages<\/p>\n<p>ISBN : 978-2-86495-171-1<\/p>\n<p>La pudeur affirme la souverainet\u00e9 de l&rsquo;esprit et exalte la persoinne humaine. Elle rel\u00e8ve d&rsquo;une passion forte, la ma\u00eetrise de soi, en vertu de laquelle chacun poss\u00e8de vraiment tout ce qu&rsquo;il est dans une intimit\u00e9 qui lui appartient.<\/p>\n","protected":false},"featured_media":1353,"comment_status":"open","ping_status":"closed","template":"","meta":{"inline_featured_image":false},"product_brand":[],"product_cat":[50,51],"product_tag":[],"class_list":{"0":"post-4007","1":"product","2":"type-product","3":"status-publish","4":"has-post-thumbnail","6":"product_cat-francais","7":"product_cat-livrets","9":"first","10":"instock","11":"taxable","12":"shipping-taxable","13":"purchasable","14":"product-type-simple"},"acf":[],"_links":{"self":[{"href":"https:\/\/didoc.be\/fr\/wp-json\/wp\/v2\/product\/4007","targetHints":{"allow":["GET"]}}],"collection":[{"href":"https:\/\/didoc.be\/fr\/wp-json\/wp\/v2\/product"}],"about":[{"href":"https:\/\/didoc.be\/fr\/wp-json\/wp\/v2\/types\/product"}],"replies":[{"embeddable":true,"href":"https:\/\/didoc.be\/fr\/wp-json\/wp\/v2\/comments?post=4007"}],"wp:featuredmedia":[{"embeddable":true,"href":"https:\/\/didoc.be\/fr\/wp-json\/wp\/v2\/media\/1353"}],"wp:attachment":[{"href":"https:\/\/didoc.be\/fr\/wp-json\/wp\/v2\/media?parent=4007"}],"wp:term":[{"taxonomy":"product_brand","embeddable":true,"href":"https:\/\/didoc.be\/fr\/wp-json\/wp\/v2\/product_brand?post=4007"},{"taxonomy":"product_cat","embeddable":true,"href":"https:\/\/didoc.be\/fr\/wp-json\/wp\/v2\/product_cat?post=4007"},{"taxonomy":"product_tag","embeddable":true,"href":"https:\/\/didoc.be\/fr\/wp-json\/wp\/v2\/product_tag?post=4007"}],"curies":[{"name":"wp","href":"https:\/\/api.w.org\/{rel}","templated":true}]}}