{"id":4006,"date":"2023-11-27T13:13:41","date_gmt":"2023-11-27T12:13:41","guid":{"rendered":"https:\/\/didoc.be\/product\/la-pratique-de-lhumilite-g-pecci\/"},"modified":"2024-05-23T12:19:16","modified_gmt":"2024-05-23T10:19:16","slug":"la-pratique-de-lhumilite-g-pecci","status":"publish","type":"product","link":"https:\/\/didoc.be\/fr\/product\/la-pratique-de-lhumilite-g-pecci\/","title":{"rendered":"La pratique de l&rsquo;humilit\u00e9 (G. Pecci)"},"content":{"rendered":"","protected":false},"excerpt":{"rendered":"<p>La pratique de l&rsquo;humilit\u00e9 (Gioacchino Pecci) (S.S. L\u00e9on XIII)<\/p>\n<p>Le Laurier, mars 2013<\/p>\n<p>64 pages<\/p>\n<p>ISBN : 9-782864-953449<\/p>\n<p>Et 2 lettres de Ste Th\u00e9r\u00e8se de Lisieux<\/p>\n<p>La pratique de l&rsquo;humilit\u00e9 est un texte \u00e0 caract\u00e8re asc\u00e9tique, qui offre aux croyants un ensemble de claires orientations pour vivre et acqu\u00e9rir, en la pratiquant, la vertu de l\u2019humilit\u00e9.<\/p>\n","protected":false},"featured_media":1350,"comment_status":"open","ping_status":"closed","template":"","meta":{"inline_featured_image":false},"product_brand":[],"product_cat":[50,51],"product_tag":[],"class_list":{"0":"post-4006","1":"product","2":"type-product","3":"status-publish","4":"has-post-thumbnail","6":"product_cat-francais","7":"product_cat-livrets","9":"first","10":"instock","11":"taxable","12":"shipping-taxable","13":"purchasable","14":"product-type-simple"},"acf":[],"_links":{"self":[{"href":"https:\/\/didoc.be\/fr\/wp-json\/wp\/v2\/product\/4006","targetHints":{"allow":["GET"]}}],"collection":[{"href":"https:\/\/didoc.be\/fr\/wp-json\/wp\/v2\/product"}],"about":[{"href":"https:\/\/didoc.be\/fr\/wp-json\/wp\/v2\/types\/product"}],"replies":[{"embeddable":true,"href":"https:\/\/didoc.be\/fr\/wp-json\/wp\/v2\/comments?post=4006"}],"wp:featuredmedia":[{"embeddable":true,"href":"https:\/\/didoc.be\/fr\/wp-json\/wp\/v2\/media\/1350"}],"wp:attachment":[{"href":"https:\/\/didoc.be\/fr\/wp-json\/wp\/v2\/media?parent=4006"}],"wp:term":[{"taxonomy":"product_brand","embeddable":true,"href":"https:\/\/didoc.be\/fr\/wp-json\/wp\/v2\/product_brand?post=4006"},{"taxonomy":"product_cat","embeddable":true,"href":"https:\/\/didoc.be\/fr\/wp-json\/wp\/v2\/product_cat?post=4006"},{"taxonomy":"product_tag","embeddable":true,"href":"https:\/\/didoc.be\/fr\/wp-json\/wp\/v2\/product_tag?post=4006"}],"curies":[{"name":"wp","href":"https:\/\/api.w.org\/{rel}","templated":true}]}}