{"id":4000,"date":"2023-11-27T13:13:40","date_gmt":"2023-11-27T12:13:40","guid":{"rendered":"https:\/\/didoc.be\/product\/la-mentalite-juridique-de-saint-josemaria-escriva-e-caparros\/"},"modified":"2025-04-04T03:30:03","modified_gmt":"2025-04-04T01:30:03","slug":"la-mentalite-juridique-de-saint-josemaria-escriva-e-caparros","status":"publish","type":"product","link":"https:\/\/didoc.be\/fr\/product\/la-mentalite-juridique-de-saint-josemaria-escriva-e-caparros\/","title":{"rendered":"La mentalit\u00e9 juridique de saint Jos\u00e9maria Escriva (E. Caparros)"},"content":{"rendered":"","protected":false},"excerpt":{"rendered":"<p>La mentalit\u00e9 juridique de saint Jos\u00e9maria Escriva (E. Caparros)<\/p>\n<p>Wilson &#038; Lafleur, 2007<\/p>\n<p>74 pages<\/p>\n<p>ISBN : 978-2-89127-834-8 <\/p>\n<p>Cet ouvrage illustre bri\u00e8vement l&rsquo;histoire de l&rsquo;itin\u00e9raire canonique poursuivi par St Jos\u00e9maria afin de conduire l&rsquo;institution jusqu&rsquo;\u00e0 sa configuration d\u00e9finitive de pr\u00e9lature personnelle en novembre 1982<\/p>\n","protected":false},"featured_media":1332,"comment_status":"open","ping_status":"closed","template":"","meta":{"inline_featured_image":false},"product_brand":[],"product_cat":[50,52,49],"product_tag":[],"class_list":{"0":"post-4000","1":"product","2":"type-product","3":"status-publish","4":"has-post-thumbnail","6":"product_cat-francais","7":"product_cat-josemaria-escriva-2","8":"product_cat-livres","10":"first","11":"instock","12":"taxable","13":"shipping-taxable","14":"purchasable","15":"product-type-simple"},"acf":[],"_links":{"self":[{"href":"https:\/\/didoc.be\/fr\/wp-json\/wp\/v2\/product\/4000","targetHints":{"allow":["GET"]}}],"collection":[{"href":"https:\/\/didoc.be\/fr\/wp-json\/wp\/v2\/product"}],"about":[{"href":"https:\/\/didoc.be\/fr\/wp-json\/wp\/v2\/types\/product"}],"replies":[{"embeddable":true,"href":"https:\/\/didoc.be\/fr\/wp-json\/wp\/v2\/comments?post=4000"}],"wp:featuredmedia":[{"embeddable":true,"href":"https:\/\/didoc.be\/fr\/wp-json\/wp\/v2\/media\/1332"}],"wp:attachment":[{"href":"https:\/\/didoc.be\/fr\/wp-json\/wp\/v2\/media?parent=4000"}],"wp:term":[{"taxonomy":"product_brand","embeddable":true,"href":"https:\/\/didoc.be\/fr\/wp-json\/wp\/v2\/product_brand?post=4000"},{"taxonomy":"product_cat","embeddable":true,"href":"https:\/\/didoc.be\/fr\/wp-json\/wp\/v2\/product_cat?post=4000"},{"taxonomy":"product_tag","embeddable":true,"href":"https:\/\/didoc.be\/fr\/wp-json\/wp\/v2\/product_tag?post=4000"}],"curies":[{"name":"wp","href":"https:\/\/api.w.org\/{rel}","templated":true}]}}