{"id":3991,"date":"2023-11-27T13:13:37","date_gmt":"2023-11-27T12:13:37","guid":{"rendered":"https:\/\/didoc.be\/product\/la-confession-frequente-b-baur\/"},"modified":"2024-05-23T12:20:11","modified_gmt":"2024-05-23T10:20:11","slug":"la-confession-frequente-b-baur","status":"publish","type":"product","link":"https:\/\/didoc.be\/fr\/product\/la-confession-frequente-b-baur\/","title":{"rendered":"La confession fr\u00e9quente (B. Baur)"},"content":{"rendered":"","protected":false},"excerpt":{"rendered":"<p>La confession fr\u00e9quente (Benedikt Baur)<\/p>\n<p>Le Laurier, 2007<\/p>\n<p>62 pages<\/p>\n<p>ISBN: 978-2-86495-265-7<\/p>\n<p>\u00ab\u00a0Les grands saints canonis\u00e9s sont g\u00e9n\u00e9ralement eux aussi issus de cette pratique de la confession\u00a0\u00bb (R\u00e9conciliation et p\u00e9nitence, N\u00b029, Jean Paul II)<\/p>\n","protected":false},"featured_media":1305,"comment_status":"open","ping_status":"closed","template":"","meta":{"inline_featured_image":false},"product_brand":[],"product_cat":[50,51],"product_tag":[],"class_list":{"0":"post-3991","1":"product","2":"type-product","3":"status-publish","4":"has-post-thumbnail","6":"product_cat-francais","7":"product_cat-livrets","9":"first","10":"instock","11":"taxable","12":"shipping-taxable","13":"purchasable","14":"product-type-simple"},"acf":[],"_links":{"self":[{"href":"https:\/\/didoc.be\/fr\/wp-json\/wp\/v2\/product\/3991","targetHints":{"allow":["GET"]}}],"collection":[{"href":"https:\/\/didoc.be\/fr\/wp-json\/wp\/v2\/product"}],"about":[{"href":"https:\/\/didoc.be\/fr\/wp-json\/wp\/v2\/types\/product"}],"replies":[{"embeddable":true,"href":"https:\/\/didoc.be\/fr\/wp-json\/wp\/v2\/comments?post=3991"}],"wp:featuredmedia":[{"embeddable":true,"href":"https:\/\/didoc.be\/fr\/wp-json\/wp\/v2\/media\/1305"}],"wp:attachment":[{"href":"https:\/\/didoc.be\/fr\/wp-json\/wp\/v2\/media?parent=3991"}],"wp:term":[{"taxonomy":"product_brand","embeddable":true,"href":"https:\/\/didoc.be\/fr\/wp-json\/wp\/v2\/product_brand?post=3991"},{"taxonomy":"product_cat","embeddable":true,"href":"https:\/\/didoc.be\/fr\/wp-json\/wp\/v2\/product_cat?post=3991"},{"taxonomy":"product_tag","embeddable":true,"href":"https:\/\/didoc.be\/fr\/wp-json\/wp\/v2\/product_tag?post=3991"}],"curies":[{"name":"wp","href":"https:\/\/api.w.org\/{rel}","templated":true}]}}