{"id":3982,"date":"2023-11-27T13:13:31","date_gmt":"2023-11-27T12:13:31","guid":{"rendered":"https:\/\/didoc.be\/product\/lamitie-de-jesus-christ-r-h-benson\/"},"modified":"2024-05-23T12:20:11","modified_gmt":"2024-05-23T10:20:11","slug":"lamitie-de-jesus-christ-r-h-benson","status":"publish","type":"product","link":"https:\/\/didoc.be\/fr\/product\/lamitie-de-jesus-christ-r-h-benson\/","title":{"rendered":"L&rsquo;amiti\u00e9 de J\u00e9sus-Christ (R. H. Benson)"},"content":{"rendered":"","protected":false},"excerpt":{"rendered":"<p>L&rsquo;amiti\u00e9 de J\u00e9sus-Christ (Robert Hugh Benson)<\/p>\n<p>Le Laurier (2001)<\/p>\n<p>64 pages<\/p>\n<p>ISBN : 978-2-86495-229-9<\/p>\n<p>Je vais te dire comment je l\u2019ai connu :<br \/>\nJ\u2019avais beaucoup entendu parler de Lui, mais je n\u2019y pr\u00eatais aucune attention.<br \/>\nIl \u00e9tait toujours rempli d\u2019attention \u00e0 mon \u00e9gard et me comblait de dons, mais jamais je ne le remerciais.<br \/>\nIl semblait chercher mon amiti\u00e9, et je me montrais indiff\u00e9rent.<br \/>\nJe me sentais seul, malheureux, anxieux et menac\u00e9, et Lui m\u2019offrait refuge, consolation, soutien et s\u00e9r\u00e9nit\u00e9 ;<br \/>\nMais je persistais dans mon ingratitude.<br \/>\nA la fin, il me croisa sur mon chemin et, les larmes aux yeux, me supplia : viens et demeure avec moi.<br \/>\nJe vais te dire comment Il me traite maintenant :<br \/>\nIl satisfait tous mes d\u00e9sirs.<br \/>\nIl m\u2019accorde plus que je n\u2019ose demander.<br \/>\nIl anticipe mes besoins.<br \/>\nIl m\u2019invite \u00e0 lui en demander davantage.<br \/>\nJamais il ne me reproche mes folies du pass\u00e9.<br \/>\nJe vais te dire maintenant ce que je pense de Lui :<br \/>\nSa bont\u00e9 n\u2019a d\u2019\u00e9gal que sa grandeur.<br \/>\nSon amour est aussi ardent que vrai.<br \/>\nIl est aussi prodigue dans ses promesses que fid\u00e8le \u00e0 les accomplir.<br \/>\nIl m\u00e9rite mon amour, mais Il en est aussi jaloux.<br \/>\nJe Lui dois tout,<br \/>\nEt Il m \u2018invite \u00e0 l\u2019appeler ami.<\/p>\n","protected":false},"featured_media":1278,"comment_status":"open","ping_status":"closed","template":"","meta":{"inline_featured_image":false},"product_brand":[],"product_cat":[50,51],"product_tag":[],"class_list":{"0":"post-3982","1":"product","2":"type-product","3":"status-publish","4":"has-post-thumbnail","6":"product_cat-francais","7":"product_cat-livrets","9":"first","10":"instock","11":"taxable","12":"shipping-taxable","13":"purchasable","14":"product-type-simple"},"acf":[],"_links":{"self":[{"href":"https:\/\/didoc.be\/fr\/wp-json\/wp\/v2\/product\/3982","targetHints":{"allow":["GET"]}}],"collection":[{"href":"https:\/\/didoc.be\/fr\/wp-json\/wp\/v2\/product"}],"about":[{"href":"https:\/\/didoc.be\/fr\/wp-json\/wp\/v2\/types\/product"}],"replies":[{"embeddable":true,"href":"https:\/\/didoc.be\/fr\/wp-json\/wp\/v2\/comments?post=3982"}],"wp:featuredmedia":[{"embeddable":true,"href":"https:\/\/didoc.be\/fr\/wp-json\/wp\/v2\/media\/1278"}],"wp:attachment":[{"href":"https:\/\/didoc.be\/fr\/wp-json\/wp\/v2\/media?parent=3982"}],"wp:term":[{"taxonomy":"product_brand","embeddable":true,"href":"https:\/\/didoc.be\/fr\/wp-json\/wp\/v2\/product_brand?post=3982"},{"taxonomy":"product_cat","embeddable":true,"href":"https:\/\/didoc.be\/fr\/wp-json\/wp\/v2\/product_cat?post=3982"},{"taxonomy":"product_tag","embeddable":true,"href":"https:\/\/didoc.be\/fr\/wp-json\/wp\/v2\/product_tag?post=3982"}],"curies":[{"name":"wp","href":"https:\/\/api.w.org\/{rel}","templated":true}]}}