{"id":3981,"date":"2023-11-27T13:13:31","date_gmt":"2023-11-27T12:13:31","guid":{"rendered":"https:\/\/didoc.be\/product\/jours-de-retraite-j-p-manglano\/"},"modified":"2024-05-23T12:20:11","modified_gmt":"2024-05-23T10:20:11","slug":"jours-de-retraite-j-p-manglano","status":"publish","type":"product","link":"https:\/\/didoc.be\/fr\/product\/jours-de-retraite-j-p-manglano\/","title":{"rendered":"Jours de retraite (J.-P. Manglano)"},"content":{"rendered":"","protected":false},"excerpt":{"rendered":"<p>Jours de retraite (Jos\u00e9-Pedro Manglano)<\/p>\n<p>Le Laurier, 1997<\/p>\n<p>64 pages<\/p>\n<p>ISBN : 978-2-86495-305-0<\/p>\n<p>(traduction de la 6\u00e8me \u00e9dition espagnole) <\/p>\n<p>Guide personnel pour les moments de silence : Chercher Dieu dans le silence, chercher la v\u00e9rit\u00e9 sur nous-m\u00eames, rompre avec la superficialit\u00e9 pour conqu\u00e9rir la vrai libert\u00e9.<\/p>\n","protected":false},"featured_media":1275,"comment_status":"open","ping_status":"closed","template":"","meta":{"inline_featured_image":false},"product_brand":[],"product_cat":[50,51],"product_tag":[],"class_list":{"0":"post-3981","1":"product","2":"type-product","3":"status-publish","4":"has-post-thumbnail","6":"product_cat-francais","7":"product_cat-livrets","9":"first","10":"instock","11":"taxable","12":"shipping-taxable","13":"purchasable","14":"product-type-simple"},"acf":[],"_links":{"self":[{"href":"https:\/\/didoc.be\/fr\/wp-json\/wp\/v2\/product\/3981","targetHints":{"allow":["GET"]}}],"collection":[{"href":"https:\/\/didoc.be\/fr\/wp-json\/wp\/v2\/product"}],"about":[{"href":"https:\/\/didoc.be\/fr\/wp-json\/wp\/v2\/types\/product"}],"replies":[{"embeddable":true,"href":"https:\/\/didoc.be\/fr\/wp-json\/wp\/v2\/comments?post=3981"}],"wp:featuredmedia":[{"embeddable":true,"href":"https:\/\/didoc.be\/fr\/wp-json\/wp\/v2\/media\/1275"}],"wp:attachment":[{"href":"https:\/\/didoc.be\/fr\/wp-json\/wp\/v2\/media?parent=3981"}],"wp:term":[{"taxonomy":"product_brand","embeddable":true,"href":"https:\/\/didoc.be\/fr\/wp-json\/wp\/v2\/product_brand?post=3981"},{"taxonomy":"product_cat","embeddable":true,"href":"https:\/\/didoc.be\/fr\/wp-json\/wp\/v2\/product_cat?post=3981"},{"taxonomy":"product_tag","embeddable":true,"href":"https:\/\/didoc.be\/fr\/wp-json\/wp\/v2\/product_tag?post=3981"}],"curies":[{"name":"wp","href":"https:\/\/api.w.org\/{rel}","templated":true}]}}