{"id":3976,"date":"2023-11-27T13:13:29","date_gmt":"2023-11-27T12:13:29","guid":{"rendered":"https:\/\/didoc.be\/product\/initiation-a-la-theologie-j-morales\/"},"modified":"2026-02-04T10:42:25","modified_gmt":"2026-02-04T09:42:25","slug":"initiation-a-la-theologie-j-morales","status":"publish","type":"product","link":"https:\/\/didoc.be\/fr\/product\/initiation-a-la-theologie-j-morales\/","title":{"rendered":"Initiation \u00e0 la Th\u00e9ologie"},"content":{"rendered":"","protected":false},"excerpt":{"rendered":"<p>Le Laurier, 2003<\/p>\n<p>144 pages<\/p>\n<p>ISBN : 978-2-86495-248-0<\/p>\n<p>La foi est la base et la racine de toute th\u00e9ologie. Cette science est exactement le d\u00e9veloppement de la foi, r\u00e9alis\u00e9 avec l&rsquo;aide de la raison humaine. On \u00e9tudie ici la nature, les sources et la m\u00e9thode de la science th\u00e9ologique.<\/p>\n","protected":false},"featured_media":1260,"comment_status":"closed","ping_status":"closed","template":"","meta":{"inline_featured_image":false},"product_brand":[],"product_cat":[49],"product_tag":[],"class_list":{"0":"post-3976","1":"product","2":"type-product","3":"status-publish","4":"has-post-thumbnail","6":"product_cat-livres","7":"pa_auteur-joseph-morales","9":"first","10":"instock","11":"taxable","12":"shipping-taxable","13":"purchasable","14":"product-type-simple"},"acf":[],"_links":{"self":[{"href":"https:\/\/didoc.be\/fr\/wp-json\/wp\/v2\/product\/3976","targetHints":{"allow":["GET"]}}],"collection":[{"href":"https:\/\/didoc.be\/fr\/wp-json\/wp\/v2\/product"}],"about":[{"href":"https:\/\/didoc.be\/fr\/wp-json\/wp\/v2\/types\/product"}],"replies":[{"embeddable":true,"href":"https:\/\/didoc.be\/fr\/wp-json\/wp\/v2\/comments?post=3976"}],"wp:featuredmedia":[{"embeddable":true,"href":"https:\/\/didoc.be\/fr\/wp-json\/wp\/v2\/media\/1260"}],"wp:attachment":[{"href":"https:\/\/didoc.be\/fr\/wp-json\/wp\/v2\/media?parent=3976"}],"wp:term":[{"taxonomy":"product_brand","embeddable":true,"href":"https:\/\/didoc.be\/fr\/wp-json\/wp\/v2\/product_brand?post=3976"},{"taxonomy":"product_cat","embeddable":true,"href":"https:\/\/didoc.be\/fr\/wp-json\/wp\/v2\/product_cat?post=3976"},{"taxonomy":"product_tag","embeddable":true,"href":"https:\/\/didoc.be\/fr\/wp-json\/wp\/v2\/product_tag?post=3976"}],"curies":[{"name":"wp","href":"https:\/\/api.w.org\/{rel}","templated":true}]}}