{"id":3973,"date":"2023-11-27T13:13:28","date_gmt":"2023-11-27T12:13:28","guid":{"rendered":"https:\/\/didoc.be\/product\/gender-la-controverse\/"},"modified":"2026-02-18T17:25:25","modified_gmt":"2026-02-18T16:25:25","slug":"gender-la-controverse","status":"publish","type":"product","link":"https:\/\/didoc.be\/fr\/product\/gender-la-controverse\/","title":{"rendered":"Gender La controverse"},"content":{"rendered":"<p>T\u00e9qui \u00e9diteur (Juillet 2011)<\/p>\n<p>192 pages<\/p>\n<p>ISBN : 978-2-7403-1691-7<\/p>\n<p>La th\u00e9orie am\u00e9ricaine du Gender, r\u00e9f\u00e9rence des instances internationales (ONU, Unesco, Commission europ\u00e9enne, etc.) et source d\u2019inspiration de nombreuses l\u00e9gislations, figure d\u00e9sormais dans les manuels de S.V.T. de 1re L et ES.<br \/>\nSelon le Gender, l\u2019identit\u00e9 sexuelle n\u2019est pas une donn\u00e9e biologique mais une construction sociale : on ne na\u00eet pas homme ou femme, on le devient. Ainsi, chacun peut choisir son orientation sexuelle (homosexuelle, h\u00e9t\u00e9rosexuelle, bisexuelle, transsexuelle).<\/p>\n<p>Mais comment la soci\u00e9t\u00e9 peut-elle se fonder sans reconna\u00eetre la diff\u00e9rence sexuelle ? Comment la famille peut-elle se structurer en dehors des liens engag\u00e9s entre un homme et une femme, sources d\u2019alliance, de filiation et de g\u00e9n\u00e9ration ? Comment la vie psychique de la personne peut-elle s\u2019\u00e9laborer quand la r\u00e9alit\u00e9 du corps est ni\u00e9e ?<\/p>\n<p>Face au bouleversement identitaire, social et familial, qui se met en place, cet ouvrage pr\u00e9sente, dans un esprit critique, les axes fondamentaux du Gender (ses origines f\u00e9ministes et \u00e9galitaristes, ses donn\u00e9es anthropologiques, sociologiques et psychanalytiques, son \u00e9volution depuis les ann\u00e9es 1980, etc.).<br \/>\nEnseignants, \u00e9ducateurs et parents pourront se forger, en toute connaissance de cause, une pens\u00e9e argument\u00e9e et p\u00e9dagogique \u00e0 l\u2019adresse des jeunes dont ils ont la responsabilit\u00e9.<\/p>\n<p>Les \u00e9ditions T\u00e9qui rassemblent ici sept interventions d\u2019experts : Tony Anatrella, Oscar Alzamora, Jutta Burggraf, Xavier Lacroix, Beatriz Vollmer, Angelo Scola.<\/p>\n","protected":false},"excerpt":{"rendered":"<p>Conseil pontifical pour la Famille<\/p>\n<p>&nbsp;<\/p>\n","protected":false},"featured_media":1251,"comment_status":"closed","ping_status":"closed","template":"","meta":{"inline_featured_image":false},"product_brand":[],"product_cat":[50,49],"product_tag":[],"class_list":{"0":"post-3973","1":"product","2":"type-product","3":"status-publish","4":"has-post-thumbnail","6":"product_cat-francais","7":"product_cat-livres","9":"first","10":"instock","11":"taxable","12":"shipping-taxable","13":"purchasable","14":"product-type-simple"},"acf":[],"_links":{"self":[{"href":"https:\/\/didoc.be\/fr\/wp-json\/wp\/v2\/product\/3973","targetHints":{"allow":["GET"]}}],"collection":[{"href":"https:\/\/didoc.be\/fr\/wp-json\/wp\/v2\/product"}],"about":[{"href":"https:\/\/didoc.be\/fr\/wp-json\/wp\/v2\/types\/product"}],"replies":[{"embeddable":true,"href":"https:\/\/didoc.be\/fr\/wp-json\/wp\/v2\/comments?post=3973"}],"wp:featuredmedia":[{"embeddable":true,"href":"https:\/\/didoc.be\/fr\/wp-json\/wp\/v2\/media\/1251"}],"wp:attachment":[{"href":"https:\/\/didoc.be\/fr\/wp-json\/wp\/v2\/media?parent=3973"}],"wp:term":[{"taxonomy":"product_brand","embeddable":true,"href":"https:\/\/didoc.be\/fr\/wp-json\/wp\/v2\/product_brand?post=3973"},{"taxonomy":"product_cat","embeddable":true,"href":"https:\/\/didoc.be\/fr\/wp-json\/wp\/v2\/product_cat?post=3973"},{"taxonomy":"product_tag","embeddable":true,"href":"https:\/\/didoc.be\/fr\/wp-json\/wp\/v2\/product_tag?post=3973"}],"curies":[{"name":"wp","href":"https:\/\/api.w.org\/{rel}","templated":true}]}}