{"id":3971,"date":"2023-11-27T13:13:28","date_gmt":"2023-11-27T12:13:28","guid":{"rendered":"https:\/\/didoc.be\/product\/etudes-sur-la-prelature-de-lopus-dei\/"},"modified":"2024-05-23T12:20:12","modified_gmt":"2024-05-23T10:20:12","slug":"etudes-sur-la-prelature-de-lopus-dei","status":"publish","type":"product","link":"https:\/\/didoc.be\/fr\/product\/etudes-sur-la-prelature-de-lopus-dei\/","title":{"rendered":"Etudes sur la pr\u00e9lature de l&rsquo;Opus Dei"},"content":{"rendered":"","protected":false},"excerpt":{"rendered":"<p>Etudes sur la pr\u00e9lature de l&rsquo;Opus Dei, (traduction de l&rsquo;italien et \u00e9dition par Jean-Pierre Schouppe)<\/p>\n<p>Wilson et Lafleur<\/p>\n<p>242 pages<\/p>\n<p>ISBN : 978-2-89127-889-8<\/p>\n<p>\u00c0 l\u2019occasion du vingt-cinqui\u00e8me anniversaire de la constitution apostolique Ut sit, cet ouvrage pr\u00e9sente une s\u00e9rie de conf\u00e9rences et de communications donn\u00e9es \u00e0 l&rsquo;Universit\u00e9 pontificale de la Sainte-Croix<\/p>\n","protected":false},"featured_media":1245,"comment_status":"open","ping_status":"closed","template":"","meta":{"inline_featured_image":false},"product_brand":[],"product_cat":[50,49],"product_tag":[],"class_list":{"0":"post-3971","1":"product","2":"type-product","3":"status-publish","4":"has-post-thumbnail","6":"product_cat-francais","7":"product_cat-livres","9":"first","10":"instock","11":"taxable","12":"shipping-taxable","13":"purchasable","14":"product-type-simple"},"acf":[],"_links":{"self":[{"href":"https:\/\/didoc.be\/fr\/wp-json\/wp\/v2\/product\/3971","targetHints":{"allow":["GET"]}}],"collection":[{"href":"https:\/\/didoc.be\/fr\/wp-json\/wp\/v2\/product"}],"about":[{"href":"https:\/\/didoc.be\/fr\/wp-json\/wp\/v2\/types\/product"}],"replies":[{"embeddable":true,"href":"https:\/\/didoc.be\/fr\/wp-json\/wp\/v2\/comments?post=3971"}],"wp:featuredmedia":[{"embeddable":true,"href":"https:\/\/didoc.be\/fr\/wp-json\/wp\/v2\/media\/1245"}],"wp:attachment":[{"href":"https:\/\/didoc.be\/fr\/wp-json\/wp\/v2\/media?parent=3971"}],"wp:term":[{"taxonomy":"product_brand","embeddable":true,"href":"https:\/\/didoc.be\/fr\/wp-json\/wp\/v2\/product_brand?post=3971"},{"taxonomy":"product_cat","embeddable":true,"href":"https:\/\/didoc.be\/fr\/wp-json\/wp\/v2\/product_cat?post=3971"},{"taxonomy":"product_tag","embeddable":true,"href":"https:\/\/didoc.be\/fr\/wp-json\/wp\/v2\/product_tag?post=3971"}],"curies":[{"name":"wp","href":"https:\/\/api.w.org\/{rel}","templated":true}]}}