{"id":3970,"date":"2023-11-27T13:13:27","date_gmt":"2023-11-27T12:13:27","guid":{"rendered":"https:\/\/didoc.be\/product\/entretiens-avec-mgr-escriva-j-escriva\/"},"modified":"2026-02-06T11:01:40","modified_gmt":"2026-02-06T10:01:40","slug":"entretiens-avec-mgr-escriva-j-escriva","status":"publish","type":"product","link":"https:\/\/didoc.be\/fr\/product\/entretiens-avec-mgr-escriva-j-escriva\/","title":{"rendered":"Entretiens avec Mgr Escriv\u00e1"},"content":{"rendered":"","protected":false},"excerpt":{"rendered":"<p>De Boog, 1987<\/p>\n<p>234 pages<\/p>\n<p>ISBN: 78-2-86495-073-8<\/p>\n<p>\u00c0 travers les interviews accord\u00e9es aux journalistes, le fondateur pr\u00e9sente lui-m\u00eame l\u2019Opus Dei : sa spiritualit\u00e9, son but, son organisation, ses apostolats\u2026 Une interview est consacr\u00e9e \u00e0 la place de la femme dans l\u2019\u00c9glise et dans la soci\u00e9t\u00e9.<\/p>\n","protected":false},"featured_media":1242,"comment_status":"closed","ping_status":"closed","template":"","meta":{"inline_featured_image":false},"product_brand":[],"product_cat":[52,49],"product_tag":[],"class_list":{"0":"post-3970","1":"product","2":"type-product","3":"status-publish","4":"has-post-thumbnail","6":"product_cat-josemaria-escriva-2","7":"product_cat-livres","8":"pa_auteur-josemaria-escriva-3","10":"first","11":"instock","12":"taxable","13":"shipping-taxable","14":"purchasable","15":"product-type-simple"},"acf":[],"_links":{"self":[{"href":"https:\/\/didoc.be\/fr\/wp-json\/wp\/v2\/product\/3970","targetHints":{"allow":["GET"]}}],"collection":[{"href":"https:\/\/didoc.be\/fr\/wp-json\/wp\/v2\/product"}],"about":[{"href":"https:\/\/didoc.be\/fr\/wp-json\/wp\/v2\/types\/product"}],"replies":[{"embeddable":true,"href":"https:\/\/didoc.be\/fr\/wp-json\/wp\/v2\/comments?post=3970"}],"wp:featuredmedia":[{"embeddable":true,"href":"https:\/\/didoc.be\/fr\/wp-json\/wp\/v2\/media\/1242"}],"wp:attachment":[{"href":"https:\/\/didoc.be\/fr\/wp-json\/wp\/v2\/media?parent=3970"}],"wp:term":[{"taxonomy":"product_brand","embeddable":true,"href":"https:\/\/didoc.be\/fr\/wp-json\/wp\/v2\/product_brand?post=3970"},{"taxonomy":"product_cat","embeddable":true,"href":"https:\/\/didoc.be\/fr\/wp-json\/wp\/v2\/product_cat?post=3970"},{"taxonomy":"product_tag","embeddable":true,"href":"https:\/\/didoc.be\/fr\/wp-json\/wp\/v2\/product_tag?post=3970"}],"curies":[{"name":"wp","href":"https:\/\/api.w.org\/{rel}","templated":true}]}}