{"id":3967,"date":"2023-11-27T13:13:27","date_gmt":"2023-11-27T12:13:27","guid":{"rendered":"https:\/\/didoc.be\/product\/dominus-est-a-schneider\/"},"modified":"2024-11-26T16:51:34","modified_gmt":"2024-11-26T15:51:34","slug":"dominus-est-a-schneider","status":"publish","type":"product","link":"https:\/\/didoc.be\/fr\/product\/dominus-est-a-schneider\/","title":{"rendered":"Dominus est"},"content":{"rendered":"<p>93 pages<\/p>\n<p>ISBN : 978-2-916053-35-6, EAN13 : 9782916053356<\/p>\n<p>\u00abAujourd&rsquo;hui plus que jamais, il est n\u00e9cessaire d&rsquo;aider les fid\u00e8les \u00e0 retrouver une foi vive en la pr\u00e9sence r\u00e9elle du Christ dans les esp\u00e8ces eucharistiques, dans le but de renforcer la vie m\u00eame de l&rsquo;\u00c9glise\u00bb Mgr Malcolm Ranjith<\/p>\n<p>Les derni\u00e8res d\u00e9cennies ont vu la liturgie de l&rsquo;\u00c9glise Catholique prendre un visage tr\u00e8s diff\u00e9rent de celui du pass\u00e9. Depuis quelques mois, le pape Beno\u00eet XVI, r\u00e9introduit des \u00e9l\u00e9ments plus anciens dans la liturgie actuelle de l&rsquo;\u00c9glise. Il a par exemple repris l&rsquo;habitude de distribuer la communion dans la bouche des fid\u00e8les agenouill\u00e9s.<\/p>\n<p>Loin des pol\u00e9miques st\u00e9riles ce petit livre d&rsquo;un \u00e9v\u00eaque du Kazakhstan appelle \u00e0 prendre de la hauteur et du recul sur cette question. \u00c0 la fois t\u00e9moignage et r\u00e9flexion, il explique la pratique de communion r\u00e9introduite par Beno\u00eet XVI avec un v\u00e9ritable souci p\u00e9dagogique et pastoral.<\/p>\n","protected":false},"excerpt":{"rendered":"<p>93 pages ISBN : 978-2-916053-35-6, EAN13 : 9782916053356 \u00abAujourd&rsquo;hui plus que jamais, il est n\u00e9cessaire d&rsquo;aider les fid\u00e8les \u00e0 retrouver une foi vive en la pr\u00e9sence r\u00e9elle du Christ dans les esp\u00e8ces eucharistiques, dans le but de renforcer la vie m\u00eame de l&rsquo;\u00c9glise\u00bb Mgr Malcolm Ranjith Les derni\u00e8res d\u00e9cennies ont vu la liturgie de l&rsquo;\u00c9glise [&hellip;]<\/p>\n","protected":false},"featured_media":1233,"comment_status":"closed","ping_status":"closed","template":"","meta":{"inline_featured_image":false},"product_brand":[],"product_cat":[50,49],"product_tag":[],"class_list":{"0":"post-3967","1":"product","2":"type-product","3":"status-publish","4":"has-post-thumbnail","6":"product_cat-francais","7":"product_cat-livres","8":"pa_auteur-athanasius-schneider-2","10":"first","11":"instock","12":"taxable","13":"shipping-taxable","14":"purchasable","15":"product-type-simple"},"acf":[],"_links":{"self":[{"href":"https:\/\/didoc.be\/fr\/wp-json\/wp\/v2\/product\/3967","targetHints":{"allow":["GET"]}}],"collection":[{"href":"https:\/\/didoc.be\/fr\/wp-json\/wp\/v2\/product"}],"about":[{"href":"https:\/\/didoc.be\/fr\/wp-json\/wp\/v2\/types\/product"}],"replies":[{"embeddable":true,"href":"https:\/\/didoc.be\/fr\/wp-json\/wp\/v2\/comments?post=3967"}],"wp:featuredmedia":[{"embeddable":true,"href":"https:\/\/didoc.be\/fr\/wp-json\/wp\/v2\/media\/1233"}],"wp:attachment":[{"href":"https:\/\/didoc.be\/fr\/wp-json\/wp\/v2\/media?parent=3967"}],"wp:term":[{"taxonomy":"product_brand","embeddable":true,"href":"https:\/\/didoc.be\/fr\/wp-json\/wp\/v2\/product_brand?post=3967"},{"taxonomy":"product_cat","embeddable":true,"href":"https:\/\/didoc.be\/fr\/wp-json\/wp\/v2\/product_cat?post=3967"},{"taxonomy":"product_tag","embeddable":true,"href":"https:\/\/didoc.be\/fr\/wp-json\/wp\/v2\/product_tag?post=3967"}],"curies":[{"name":"wp","href":"https:\/\/api.w.org\/{rel}","templated":true}]}}