{"id":3966,"date":"2023-11-27T13:13:26","date_gmt":"2023-11-27T12:13:26","guid":{"rendered":"https:\/\/didoc.be\/product\/dix-jours-pour-le-saint-esprit-f-j-del-valle\/"},"modified":"2025-05-22T11:27:40","modified_gmt":"2025-05-22T09:27:40","slug":"dix-jours-pour-le-saint-esprit-f-j-del-valle","status":"publish","type":"product","link":"https:\/\/didoc.be\/fr\/product\/dix-jours-pour-le-saint-esprit-f-j-del-valle\/","title":{"rendered":"Dix jours pour le Saint-Esprit (F.J. del Valle)"},"content":{"rendered":"<p>Dix jours de d\u00e9votion consacr\u00e9s au Saint-Esprit. Une th\u00e9ologie profonde mais d&rsquo;acc\u00e8s facile.<\/p>\n<p>96 pages<\/p>\n<p>ISBN: 978-2-86495-239-8<\/p>\n<p>&nbsp;<\/p>\n<p>&nbsp;<\/p>\n","protected":false},"excerpt":{"rendered":"<p>Dix jours de d\u00e9votion consacr\u00e9s au Saint-Esprit. Une th\u00e9ologie profonde mais d&rsquo;acc\u00e8s facile. 96 pages ISBN: 978-2-86495-239-8 &nbsp; &nbsp;<\/p>\n","protected":false},"featured_media":1230,"comment_status":"closed","ping_status":"closed","template":"","meta":{"inline_featured_image":false},"product_brand":[],"product_cat":[50,49],"product_tag":[],"class_list":{"0":"post-3966","1":"product","2":"type-product","3":"status-publish","4":"has-post-thumbnail","6":"product_cat-francais","7":"product_cat-livres","8":"pa_auteur-francisca-javiera-del-valle-2","10":"first","11":"instock","12":"taxable","13":"shipping-taxable","14":"purchasable","15":"product-type-simple"},"acf":[],"_links":{"self":[{"href":"https:\/\/didoc.be\/fr\/wp-json\/wp\/v2\/product\/3966","targetHints":{"allow":["GET"]}}],"collection":[{"href":"https:\/\/didoc.be\/fr\/wp-json\/wp\/v2\/product"}],"about":[{"href":"https:\/\/didoc.be\/fr\/wp-json\/wp\/v2\/types\/product"}],"replies":[{"embeddable":true,"href":"https:\/\/didoc.be\/fr\/wp-json\/wp\/v2\/comments?post=3966"}],"wp:featuredmedia":[{"embeddable":true,"href":"https:\/\/didoc.be\/fr\/wp-json\/wp\/v2\/media\/1230"}],"wp:attachment":[{"href":"https:\/\/didoc.be\/fr\/wp-json\/wp\/v2\/media?parent=3966"}],"wp:term":[{"taxonomy":"product_brand","embeddable":true,"href":"https:\/\/didoc.be\/fr\/wp-json\/wp\/v2\/product_brand?post=3966"},{"taxonomy":"product_cat","embeddable":true,"href":"https:\/\/didoc.be\/fr\/wp-json\/wp\/v2\/product_cat?post=3966"},{"taxonomy":"product_tag","embeddable":true,"href":"https:\/\/didoc.be\/fr\/wp-json\/wp\/v2\/product_tag?post=3966"}],"curies":[{"name":"wp","href":"https:\/\/api.w.org\/{rel}","templated":true}]}}