{"id":3960,"date":"2023-11-27T13:13:23","date_gmt":"2023-11-27T12:13:23","guid":{"rendered":"https:\/\/didoc.be\/product\/de-la-trinite-a-lincarnation-j-m-pero-sanz\/"},"modified":"2026-02-06T10:58:38","modified_gmt":"2026-02-06T09:58:38","slug":"de-la-trinite-a-lincarnation-j-m-pero-sanz","status":"publish","type":"product","link":"https:\/\/didoc.be\/fr\/product\/de-la-trinite-a-lincarnation-j-m-pero-sanz\/","title":{"rendered":"De la Trinit\u00e9 \u00e0 l&rsquo;Incarnation"},"content":{"rendered":"","protected":false},"excerpt":{"rendered":"<p>Le laurier, 2004<\/p>\n<p>128 pages<\/p>\n<p>ISBN : 978-2-86495-258-<\/p>\n<p>Le symbole Athanasien ou Quicumque, est une des principales expositions de la foi catholique de l&rsquo;Eglise pour ce qui se r\u00e9f\u00e8re \u00e0 la Trinit\u00e9 et \u00e0 l&rsquo;Incarnation. Un commentaire tr\u00e8s utile pour qui d\u00e9sire en m\u00e9diter le contenu.<\/p>\n","protected":false},"featured_media":1212,"comment_status":"closed","ping_status":"closed","template":"","meta":{"inline_featured_image":false},"product_brand":[],"product_cat":[50,49],"product_tag":[],"class_list":{"0":"post-3960","1":"product","2":"type-product","3":"status-publish","4":"has-post-thumbnail","6":"product_cat-francais","7":"product_cat-livres","8":"pa_auteur-jose-miguel-pero-sanz","10":"first","11":"instock","12":"taxable","13":"shipping-taxable","14":"purchasable","15":"product-type-simple"},"acf":[],"_links":{"self":[{"href":"https:\/\/didoc.be\/fr\/wp-json\/wp\/v2\/product\/3960","targetHints":{"allow":["GET"]}}],"collection":[{"href":"https:\/\/didoc.be\/fr\/wp-json\/wp\/v2\/product"}],"about":[{"href":"https:\/\/didoc.be\/fr\/wp-json\/wp\/v2\/types\/product"}],"replies":[{"embeddable":true,"href":"https:\/\/didoc.be\/fr\/wp-json\/wp\/v2\/comments?post=3960"}],"wp:featuredmedia":[{"embeddable":true,"href":"https:\/\/didoc.be\/fr\/wp-json\/wp\/v2\/media\/1212"}],"wp:attachment":[{"href":"https:\/\/didoc.be\/fr\/wp-json\/wp\/v2\/media?parent=3960"}],"wp:term":[{"taxonomy":"product_brand","embeddable":true,"href":"https:\/\/didoc.be\/fr\/wp-json\/wp\/v2\/product_brand?post=3960"},{"taxonomy":"product_cat","embeddable":true,"href":"https:\/\/didoc.be\/fr\/wp-json\/wp\/v2\/product_cat?post=3960"},{"taxonomy":"product_tag","embeddable":true,"href":"https:\/\/didoc.be\/fr\/wp-json\/wp\/v2\/product_tag?post=3960"}],"curies":[{"name":"wp","href":"https:\/\/api.w.org\/{rel}","templated":true}]}}