{"id":3958,"date":"2023-11-27T13:13:22","date_gmt":"2023-11-27T12:13:22","guid":{"rendered":"https:\/\/didoc.be\/product\/conseils-de-vie-spirituelle-st-vincent-de-paul\/"},"modified":"2026-03-13T14:54:15","modified_gmt":"2026-03-13T13:54:15","slug":"conseils-de-vie-spirituelle-st-vincent-de-paul","status":"publish","type":"product","link":"https:\/\/didoc.be\/fr\/product\/conseils-de-vie-spirituelle-st-vincent-de-paul\/","title":{"rendered":"Conseils de vie spirituelle (St Vincent de Paul)"},"content":{"rendered":"","protected":false},"excerpt":{"rendered":"<p>Conseils de vie spirituelle (Saint Vincent de Paul)<\/p>\n<p>Le Laurier (2010)<\/p>\n<p>64 pages<\/p>\n<p>ISBN : 97828 64953 234<\/p>\n<p>Un choix de textes tir\u00e9s de conf\u00e9rences de saint Vincent de Paul et portant sur des sujets de vie spirituelle : l&rsquo;amour de Dieu, l&rsquo;humilit\u00e9, la douceur, la patience, l&rsquo;affabilit\u00e9, la mortification, le bon usage des maladies, l&rsquo;envie, la charit\u00e9, l&rsquo;oraison&#8230; Des pages \u00e9clairantes et des conseils tr\u00e8s pr\u00e9cieux.<\/p>\n","protected":false},"featured_media":1206,"comment_status":"closed","ping_status":"closed","template":"","meta":{"inline_featured_image":false},"product_brand":[],"product_cat":[50,51],"product_tag":[],"class_list":{"0":"post-3958","1":"product","2":"type-product","3":"status-publish","4":"has-post-thumbnail","6":"product_cat-francais","7":"product_cat-livrets","9":"first","10":"outofstock","11":"taxable","12":"shipping-taxable","13":"purchasable","14":"product-type-simple"},"acf":[],"_links":{"self":[{"href":"https:\/\/didoc.be\/fr\/wp-json\/wp\/v2\/product\/3958","targetHints":{"allow":["GET"]}}],"collection":[{"href":"https:\/\/didoc.be\/fr\/wp-json\/wp\/v2\/product"}],"about":[{"href":"https:\/\/didoc.be\/fr\/wp-json\/wp\/v2\/types\/product"}],"replies":[{"embeddable":true,"href":"https:\/\/didoc.be\/fr\/wp-json\/wp\/v2\/comments?post=3958"}],"wp:featuredmedia":[{"embeddable":true,"href":"https:\/\/didoc.be\/fr\/wp-json\/wp\/v2\/media\/1206"}],"wp:attachment":[{"href":"https:\/\/didoc.be\/fr\/wp-json\/wp\/v2\/media?parent=3958"}],"wp:term":[{"taxonomy":"product_brand","embeddable":true,"href":"https:\/\/didoc.be\/fr\/wp-json\/wp\/v2\/product_brand?post=3958"},{"taxonomy":"product_cat","embeddable":true,"href":"https:\/\/didoc.be\/fr\/wp-json\/wp\/v2\/product_cat?post=3958"},{"taxonomy":"product_tag","embeddable":true,"href":"https:\/\/didoc.be\/fr\/wp-json\/wp\/v2\/product_tag?post=3958"}],"curies":[{"name":"wp","href":"https:\/\/api.w.org\/{rel}","templated":true}]}}