{"id":3957,"date":"2023-11-27T13:13:22","date_gmt":"2023-11-27T12:13:22","guid":{"rendered":"https:\/\/didoc.be\/product\/connaitre-pour-aimer-m-n-muller\/"},"modified":"2024-05-23T12:20:13","modified_gmt":"2024-05-23T10:20:13","slug":"connaitre-pour-aimer-m-n-muller","status":"publish","type":"product","link":"https:\/\/didoc.be\/fr\/product\/connaitre-pour-aimer-m-n-muller\/","title":{"rendered":"Conna\u00eetre pour aimer (M.-N. Muller)"},"content":{"rendered":"","protected":false},"excerpt":{"rendered":"<p>Conna\u00eetre pour aimer (Marie-No\u00eblle Muller)<\/p>\n<p>Le Laurier, 2004<\/p>\n<p>80 pages<\/p>\n<p>ISBN : 978-2-86495-263-3 <\/p>\n<p>Les points de rep\u00e8re rassembl\u00e9s ici peuvent d\u00e9j\u00e0 servir \u00e0 orienter les relations au quotidien. La r\u00e9flexion et un certain retour sur soi permet \u00e0 chacun de mieux saisir et d&rsquo;\u00eatre pr\u00e9par\u00e9 \u00e0 \u00e9couter et \u00e0 comprendre l&rsquo;autre.<\/p>\n","protected":false},"featured_media":1203,"comment_status":"open","ping_status":"closed","template":"","meta":{"inline_featured_image":false},"product_brand":[],"product_cat":[50,51],"product_tag":[],"class_list":{"0":"post-3957","1":"product","2":"type-product","3":"status-publish","4":"has-post-thumbnail","6":"product_cat-francais","7":"product_cat-livrets","9":"first","10":"instock","11":"taxable","12":"shipping-taxable","13":"purchasable","14":"product-type-simple"},"acf":[],"_links":{"self":[{"href":"https:\/\/didoc.be\/fr\/wp-json\/wp\/v2\/product\/3957","targetHints":{"allow":["GET"]}}],"collection":[{"href":"https:\/\/didoc.be\/fr\/wp-json\/wp\/v2\/product"}],"about":[{"href":"https:\/\/didoc.be\/fr\/wp-json\/wp\/v2\/types\/product"}],"replies":[{"embeddable":true,"href":"https:\/\/didoc.be\/fr\/wp-json\/wp\/v2\/comments?post=3957"}],"wp:featuredmedia":[{"embeddable":true,"href":"https:\/\/didoc.be\/fr\/wp-json\/wp\/v2\/media\/1203"}],"wp:attachment":[{"href":"https:\/\/didoc.be\/fr\/wp-json\/wp\/v2\/media?parent=3957"}],"wp:term":[{"taxonomy":"product_brand","embeddable":true,"href":"https:\/\/didoc.be\/fr\/wp-json\/wp\/v2\/product_brand?post=3957"},{"taxonomy":"product_cat","embeddable":true,"href":"https:\/\/didoc.be\/fr\/wp-json\/wp\/v2\/product_cat?post=3957"},{"taxonomy":"product_tag","embeddable":true,"href":"https:\/\/didoc.be\/fr\/wp-json\/wp\/v2\/product_tag?post=3957"}],"curies":[{"name":"wp","href":"https:\/\/api.w.org\/{rel}","templated":true}]}}