{"id":3956,"date":"2023-11-27T13:13:22","date_gmt":"2023-11-27T12:13:22","guid":{"rendered":"https:\/\/didoc.be\/product\/connaitre-la-bible-j-m-monforte\/"},"modified":"2024-05-23T12:20:13","modified_gmt":"2024-05-23T10:20:13","slug":"connaitre-la-bible-j-m-monforte","status":"publish","type":"product","link":"https:\/\/didoc.be\/fr\/product\/connaitre-la-bible-j-m-monforte\/","title":{"rendered":"Conna\u00eetre la Bible (J.-M. Monforte)"},"content":{"rendered":"","protected":false},"excerpt":{"rendered":"<p>Conna\u00eetre la Bible (J.-M. Monforte)<\/p>\n<p>Le Laurier, 1999<\/p>\n<p>160 pages<\/p>\n<p>ISBN : 978-2-86495-201-5<\/p>\n<p>La Bible est le moment privil\u00e9gi\u00e9 et le sommet de la R\u00e9v\u00e9lation de Dieu manifestation divine faite aux hommes \u00e0 travers l&rsquo;histoire. La Bible est une oeuvre litt\u00e9raire particuli\u00e8re qui contient un message de salut adress\u00e9 \u00e0 tous les hommes et que l&rsquo;Eglise fond\u00e9e par J\u00e9sus Christ garde en d\u00e9p\u00f4t comme instrument salvifique.La premi\u00e8re partie de ce livre &#8211; Bible R\u00e9v\u00e9lation et Histoire &#8211; pr\u00e9sente en premier lieu le cadre divin du tableau biblique (ch. I); conna\u00eetre la nature de la r\u00e9v\u00e9lation divine est essentiel pour la saisir lorsqu&rsquo;elle devient \u00ab\u00a0livre\u00a0\u00bb Parole de Dieu \u00e9crite. Mais cette R\u00e9v\u00e9lation poss\u00e8de \u00e0 son tour un autre cadre humain: l&rsquo;histoire des hommes (ch. II) au cours de laquelle les textes de ces livres ont \u00e9t\u00e9 r\u00e9dig\u00e9s (ch. III).La seconde partie s&rsquo;attache \u00e0 l&rsquo;oeuvre litt\u00e9raire &#8211; La Bible comme litt\u00e9rature &#8211; o\u00f9 seront \u00e9tudi\u00e9s les traits particuliers d&rsquo;une litt\u00e9rature inspir\u00e9e par Dieu aux auteurs humains (ch.IV); normative car elle est r\u00e8gle de foi ou canon des croyants (ch. V); sainte et une car elle proc\u00e8de de la saintet\u00e9 du Dieu unique &#8211; auteur des livres &#8211; et elle est destin\u00e9e \u00e0 la saintet\u00e9 des homme (ch. VI) et humaine &#8211; car \u00e9crite par des hommes dans un langage humain &#8211; et elle n\u00e9cessite une interpr\u00e9tation (ch. VII).La troisi\u00e8me partie &#8211; Bible Salut et Eglise &#8211; traite du message salvifique que la Bible adresse \u00e0 tous les hommes. L&rsquo;Ancien Testament est le temps de la pr\u00e9paration \u00e0 l&rsquo;Evangile: les paroles et les faits rapport\u00e9s dans les livres de l&rsquo;Ancienne Alliance montre la merveilleuse p\u00e9dagogie divine dans son dessein de salut (ch. VIII). Le Nouveau Testament est la r\u00e9v\u00e9lation de J\u00e9sus Christ et de sa Bonne Nouvelle pl\u00e9nitude des temps o\u00f9 s&rsquo;accomplissent les promesses et se r\u00e9alisent les proph\u00e9ties o\u00f9 s&rsquo;ouvre le chemin de la consommation de l&rsquo;Histoire (ch. IX). Enfin l&rsquo;auteur tourne son regard vers l&rsquo;Eglise (ch. X) pour y \u00e9tudier l&rsquo;utilisation de la Bib<\/p>\n","protected":false},"featured_media":1200,"comment_status":"open","ping_status":"closed","template":"","meta":{"inline_featured_image":false},"product_brand":[],"product_cat":[50,49],"product_tag":[],"class_list":{"0":"post-3956","1":"product","2":"type-product","3":"status-publish","4":"has-post-thumbnail","6":"product_cat-francais","7":"product_cat-livres","9":"first","10":"instock","11":"taxable","12":"shipping-taxable","13":"purchasable","14":"product-type-simple"},"acf":[],"_links":{"self":[{"href":"https:\/\/didoc.be\/fr\/wp-json\/wp\/v2\/product\/3956","targetHints":{"allow":["GET"]}}],"collection":[{"href":"https:\/\/didoc.be\/fr\/wp-json\/wp\/v2\/product"}],"about":[{"href":"https:\/\/didoc.be\/fr\/wp-json\/wp\/v2\/types\/product"}],"replies":[{"embeddable":true,"href":"https:\/\/didoc.be\/fr\/wp-json\/wp\/v2\/comments?post=3956"}],"wp:featuredmedia":[{"embeddable":true,"href":"https:\/\/didoc.be\/fr\/wp-json\/wp\/v2\/media\/1200"}],"wp:attachment":[{"href":"https:\/\/didoc.be\/fr\/wp-json\/wp\/v2\/media?parent=3956"}],"wp:term":[{"taxonomy":"product_brand","embeddable":true,"href":"https:\/\/didoc.be\/fr\/wp-json\/wp\/v2\/product_brand?post=3956"},{"taxonomy":"product_cat","embeddable":true,"href":"https:\/\/didoc.be\/fr\/wp-json\/wp\/v2\/product_cat?post=3956"},{"taxonomy":"product_tag","embeddable":true,"href":"https:\/\/didoc.be\/fr\/wp-json\/wp\/v2\/product_tag?post=3956"}],"curies":[{"name":"wp","href":"https:\/\/api.w.org\/{rel}","templated":true}]}}