{"id":3955,"date":"2023-11-27T13:13:21","date_gmt":"2023-11-27T12:13:21","guid":{"rendered":"https:\/\/didoc.be\/product\/comprendre-les-ecritures-s-hahn\/"},"modified":"2024-11-26T16:29:56","modified_gmt":"2024-11-26T15:29:56","slug":"comprendre-les-ecritures-s-hahn","status":"publish","type":"product","link":"https:\/\/didoc.be\/fr\/product\/comprendre-les-ecritures-s-hahn\/","title":{"rendered":"Comprendre les Ecritures"},"content":{"rendered":"<p>562 pages<\/p>\n<p>ISBN : 978-2-89127-845-4<\/p>\n<p>Superbement illustr\u00e9 et compl\u00e9t\u00e9 de tableaux, de cartes, d\u2019extraits du Cat\u00e9chisme de l\u2019\u00c9glise Catholique, chaque chapitre se termine par des suggestions de lecture compl\u00e9mentaire. Ce livre est un guide de grande valeur.<\/p>\n","protected":false},"excerpt":{"rendered":"<p>562 pages ISBN : 978-2-89127-845-4 Superbement illustr\u00e9 et compl\u00e9t\u00e9 de tableaux, de cartes, d\u2019extraits du Cat\u00e9chisme de l\u2019\u00c9glise Catholique, chaque chapitre se termine par des suggestions de lecture compl\u00e9mentaire. Ce livre est un guide de grande valeur.<\/p>\n","protected":false},"featured_media":1197,"comment_status":"closed","ping_status":"closed","template":"","meta":{"inline_featured_image":false},"product_brand":[],"product_cat":[50,49],"product_tag":[],"class_list":{"0":"post-3955","1":"product","2":"type-product","3":"status-publish","4":"has-post-thumbnail","6":"product_cat-francais","7":"product_cat-livres","8":"pa_auteur-scott-hahn-2","10":"first","11":"instock","12":"taxable","13":"shipping-taxable","14":"purchasable","15":"product-type-simple"},"acf":[],"_links":{"self":[{"href":"https:\/\/didoc.be\/fr\/wp-json\/wp\/v2\/product\/3955","targetHints":{"allow":["GET"]}}],"collection":[{"href":"https:\/\/didoc.be\/fr\/wp-json\/wp\/v2\/product"}],"about":[{"href":"https:\/\/didoc.be\/fr\/wp-json\/wp\/v2\/types\/product"}],"replies":[{"embeddable":true,"href":"https:\/\/didoc.be\/fr\/wp-json\/wp\/v2\/comments?post=3955"}],"wp:featuredmedia":[{"embeddable":true,"href":"https:\/\/didoc.be\/fr\/wp-json\/wp\/v2\/media\/1197"}],"wp:attachment":[{"href":"https:\/\/didoc.be\/fr\/wp-json\/wp\/v2\/media?parent=3955"}],"wp:term":[{"taxonomy":"product_brand","embeddable":true,"href":"https:\/\/didoc.be\/fr\/wp-json\/wp\/v2\/product_brand?post=3955"},{"taxonomy":"product_cat","embeddable":true,"href":"https:\/\/didoc.be\/fr\/wp-json\/wp\/v2\/product_cat?post=3955"},{"taxonomy":"product_tag","embeddable":true,"href":"https:\/\/didoc.be\/fr\/wp-json\/wp\/v2\/product_tag?post=3955"}],"curies":[{"name":"wp","href":"https:\/\/api.w.org\/{rel}","templated":true}]}}