{"id":3954,"date":"2023-11-27T13:13:21","date_gmt":"2023-11-27T12:13:21","guid":{"rendered":"https:\/\/didoc.be\/product\/comme-un-vase-dargile-l-j-trese\/"},"modified":"2026-02-06T11:00:44","modified_gmt":"2026-02-06T10:00:44","slug":"comme-un-vase-dargile-l-j-trese","status":"publish","type":"product","link":"https:\/\/didoc.be\/fr\/product\/comme-un-vase-dargile-l-j-trese\/","title":{"rendered":"Comme un vase d&rsquo;argile"},"content":{"rendered":"","protected":false},"excerpt":{"rendered":"<p>Le Laurier, 2007<\/p>\n<p>120 pages<\/p>\n<p>ISBN : 978-2-86495-184-1<\/p>\n<p>La journ\u00e9e d&rsquo;un pr\u00eatre sert de canevas pour montrer un exemple pratique de vie chr\u00e9tienne.<\/p>\n","protected":false},"featured_media":1194,"comment_status":"closed","ping_status":"closed","template":"","meta":{"inline_featured_image":false},"product_brand":[],"product_cat":[49],"product_tag":[],"class_list":{"0":"post-3954","1":"product","2":"type-product","3":"status-publish","4":"has-post-thumbnail","6":"product_cat-livres","7":"pa_auteur-leo-j-trese","9":"first","10":"instock","11":"taxable","12":"shipping-taxable","13":"purchasable","14":"product-type-simple"},"acf":[],"_links":{"self":[{"href":"https:\/\/didoc.be\/fr\/wp-json\/wp\/v2\/product\/3954","targetHints":{"allow":["GET"]}}],"collection":[{"href":"https:\/\/didoc.be\/fr\/wp-json\/wp\/v2\/product"}],"about":[{"href":"https:\/\/didoc.be\/fr\/wp-json\/wp\/v2\/types\/product"}],"replies":[{"embeddable":true,"href":"https:\/\/didoc.be\/fr\/wp-json\/wp\/v2\/comments?post=3954"}],"wp:featuredmedia":[{"embeddable":true,"href":"https:\/\/didoc.be\/fr\/wp-json\/wp\/v2\/media\/1194"}],"wp:attachment":[{"href":"https:\/\/didoc.be\/fr\/wp-json\/wp\/v2\/media?parent=3954"}],"wp:term":[{"taxonomy":"product_brand","embeddable":true,"href":"https:\/\/didoc.be\/fr\/wp-json\/wp\/v2\/product_brand?post=3954"},{"taxonomy":"product_cat","embeddable":true,"href":"https:\/\/didoc.be\/fr\/wp-json\/wp\/v2\/product_cat?post=3954"},{"taxonomy":"product_tag","embeddable":true,"href":"https:\/\/didoc.be\/fr\/wp-json\/wp\/v2\/product_tag?post=3954"}],"curies":[{"name":"wp","href":"https:\/\/api.w.org\/{rel}","templated":true}]}}