{"id":3952,"date":"2023-11-27T13:13:20","date_gmt":"2023-11-27T12:13:20","guid":{"rendered":"https:\/\/didoc.be\/product\/chemin-j-escriva\/"},"modified":"2025-04-07T12:40:23","modified_gmt":"2025-04-07T10:40:23","slug":"chemin-j-escriva","status":"publish","type":"product","link":"https:\/\/didoc.be\/fr\/product\/chemin-j-escriva\/","title":{"rendered":"Chemin"},"content":{"rendered":"<p>\u00ab\u00a0Confidences d\u2019ami de fr\u00e8re de p\u00e8re, pour faire surgir en toi quelques pens\u00e9es qui te frappent pour que ta vie s\u2019am\u00e9liore, que tu t\u2019engages dans des chemins de pri\u00e8re et d\u2019Amour.\u00a0\u00bb. C\u2019est ainsi que l\u2019auteur pr\u00e9sente <em>Chemin<\/em>\u00a0qui est d\u00e9j\u00e0 devenu un classique de la litt\u00e9rature spirituelle depuis sa premi\u00e8re \u00e9dition en 1934.<\/p>\n<p><em>Chemin<\/em> fut publi\u00e9 pour la premi\u00e8re fois en 1934 sous le titre de <em>Consid\u00e9rations spirituelles<\/em>. Il re\u00e7ut d\u00e9finitivement son titre actuel en 1939 date de la seconde \u00e9dition augment\u00e9e. Au cours des ann\u00e9es qui se sont \u00e9coul\u00e9es depuis ces premi\u00e8res \u00e9ditions des millions de personnes de conditions sociales et culturelles et de provenances les plus diverses ont trouv\u00e9 dans ces confidences\u00a0de saint Jos\u00e9maria Escriv\u00e1 la lumi\u00e8re et la force pour rencontrer Dieu et donner un sens \u00e0 leur vie.<\/p>\n<p>Le fait que les traductions en diverses langues se soient multipli\u00e9es jusqu&rsquo;\u00e0 atteindre un tirage total qui se compte par millions d&rsquo;exemplaires est l&rsquo;un des signes les plus clairs de l&rsquo;accueil r\u00e9serv\u00e9 \u00e0 ce livre. En peu de temps <em>Chemin<\/em> est devenu un classique de la litt\u00e9rature spirituelle une sorte d&rsquo;\u00ab Imitation des temps modernes\u00bb comme ont dit certains.<\/p>\n<p>Parler aujourd&rsquo;hui de <em>Chemin<\/em> ce n&rsquo;est donc pas pr\u00e9senter un livre suffisamment connu d\u00e9j\u00e0 mais plut\u00f4t r\u00e9fl\u00e9chir sur les raisons de son succ\u00e8s. \u00ab <em>Chemin<\/em> manifeste le caract\u00e8re \u00e9ternel de l&rsquo;\u00c9glise en m\u00eame temps que ses in\u00e9puisables possibilit\u00e9s de renouvellement. \u00bb C&rsquo;est ainsi qu&rsquo;un journaliste fran\u00e7ais r\u00e9sumait l&rsquo;impression que ce livre lui avait produite (<em>Le Figaro<\/em> 24 mars1964).<\/p>\n<p>C&rsquo;est l\u00e0 la principale valeur de <em>Chemin<\/em>: la profondeur et la vitalit\u00e9 de son message qui n&rsquo;est autre que le fait d&rsquo;annoncer que la parole du Christ n&rsquo;est pas lettre morte mais au contraire une r\u00e9alit\u00e9 vivante capable de transformer l&rsquo;existence de tout homme qui ne lui ferme pas son c\u0153ur. <em>Chemin<\/em> invite le lecteur \u00e0 accueillir l&rsquo;\u00c9vangile selon un mode personnel en revivant la vie du Christ.<\/p>\n<p>268 pages<\/p>\n<p>ISBN: 978-2-86495-256-5<\/p>\n<div id=\"description\" class=\"tab-pane in active\">\n<div class=\"product-description\">\n<div class=\"rte-content\">\n<p><strong>Jos\u00e9maria Escriva<\/strong>\u00a0(1902\u20131975), fondateur de l\u2019Opus Dei, a \u00e9t\u00e9 canonis\u00e9 le 6 octobre 2002 \u00e0 Rome. Jean-Paul II l\u2019a d\u00e9sign\u00e9, \u00e0 cette occasion, comme \u00ab le saint de l\u2019ordinaire \u00bb. Il est l\u2019auteur notamment de <a href=\"https:\/\/editions-lelaurier.com\/fr\/collection-livrets-du-laurier\/408-aimer-le-monde-passionnement-9782864955238.html\">Aimer le monde passionn\u00e9ment<\/a>,\u00a0<a href=\"https:\/\/editions-lelaurier.com\/fr\/livret-priere\/313-saint-rosaire.html\">Saint Rosaire<\/a>,\u00a0<a href=\"https:\/\/editions-lelaurier.com\/fr\/ouvrages-de-saint-josemaria\/309-quand-le-christ-passe-9782864953036.html\">Quand le Christ passe<\/a>,\u00a0<a href=\"https:\/\/editions-lelaurier.com\/fr\/ouvrages-de-saint-josemaria\/367-amis-de-dieu.html\">Amis de Dieu<\/a>,\u00a0<em>Chemin de Croix<\/em>,\u00a0<a href=\"https:\/\/editions-lelaurier.com\/fr\/ouvrages-de-saint-josemaria\/314-sillon-9782864951933.html\">Sillon<\/a>\u00a0et\u00a0<a href=\"https:\/\/editions-lelaurier.com\/fr\/ouvrages-de-saint-josemaria\/312-forge.html\">Forge<\/a>.<\/p>\n<\/div>\n<\/div>\n<\/div>\n<div id=\"product-details-tab\" class=\"tab-pane \">\n<div id=\"product-details\" class=\"clearfix js-product-details\" data-product=\"{&quot;id_shop_default&quot;:&quot;1&quot;,&quot;id_manufacturer&quot;:&quot;0&quot;,&quot;id_supplier&quot;:&quot;1&quot;,&quot;reference&quot;:&quot;97828649525658&quot;,&quot;is_virtual&quot;:&quot;0&quot;,&quot;delivery_in_stock&quot;:&quot;&quot;,&quot;delivery_out_stock&quot;:&quot;&quot;,&quot;id_category_default&quot;:&quot;7&quot;,&quot;on_sale&quot;:&quot;0&quot;,&quot;online_only&quot;:&quot;0&quot;,&quot;ecotax&quot;:0,&quot;minimal_quantity&quot;:&quot;1&quot;,&quot;low_stock_threshold&quot;:null,&quot;low_stock_alert&quot;:&quot;0&quot;,&quot;price&quot;:&quot;10,00\\u00a0\\u20ac&quot;,&quot;unity&quot;:&quot;&quot;,&quot;unit_price_ratio&quot;:&quot;0.000000&quot;,&quot;additional_shipping_cost&quot;:&quot;0.000000&quot;,&quot;customizable&quot;:&quot;0&quot;,&quot;text_fields&quot;:&quot;0&quot;,&quot;uploadable_files&quot;:&quot;0&quot;,&quot;redirect_type&quot;:&quot;404&quot;,&quot;id_type_redirected&quot;:&quot;0&quot;,&quot;available_for_order&quot;:&quot;1&quot;,&quot;available_date&quot;:&quot;0000-00-00&quot;,&quot;show_condition&quot;:&quot;0&quot;,&quot;condition&quot;:&quot;new&quot;,&quot;show_price&quot;:&quot;1&quot;,&quot;indexed&quot;:&quot;1&quot;,&quot;visibility&quot;:&quot;both&quot;,&quot;cache_default_attribute&quot;:&quot;0&quot;,&quot;advanced_stock_management&quot;:&quot;0&quot;,&quot;date_add&quot;:&quot;2016-07-04 14:33:18&quot;,&quot;date_upd&quot;:&quot;2025-04-07 11:13:34&quot;,&quot;pack_stock_type&quot;:&quot;3&quot;,&quot;meta_description&quot;:&quot;&quot;,&quot;meta_keywords&quot;:&quot;&quot;,&quot;meta_title&quot;:&quot;Chemin&quot;,&quot;link_rewrite&quot;:&quot;chemin&quot;,&quot;name&quot;:&quot;Chemin&quot;,&quot;description&quot;:&quot;&lt;h2&gt;De quoi parle &lt;em&gt;Chemin&lt;\\\/em&gt; ?&lt;\\\/h2&gt;\\n&lt;p&gt;\\&quot;Confidences d\\u2019ami de fr\\u00e8re de p\\u00e8re, pour faire surgir en toi quelques pens\\u00e9es qui te frappent pour que ta vie s\\u2019am\\u00e9liore, que tu t\\u2019engages dans des chemins de pri\\u00e8re et d\\u2019Amour.\\&quot;. C\\u2019est ainsi que l\\u2019auteur pr\\u00e9sente &lt;em&gt;Chemin&lt;\\\/em&gt;\\u00a0qui est d\\u00e9j\\u00e0 devenu un classique de la litt\\u00e9rature spirituelle depuis sa premi\\u00e8re \\u00e9dition en 1934.&lt;em&gt;&lt;\\\/em&gt;&lt;\\\/p&gt;\\n&lt;p&gt;&lt;em&gt;Chemin&lt;\\\/em&gt; fut publi\\u00e9 pour la premi\\u00e8re fois en 1934 sous le titre de &lt;em&gt;Consid\\u00e9rations spirituelles&lt;\\\/em&gt;. Il re\\u00e7ut d\\u00e9finitivement son titre actuel en 1939 date de la seconde \\u00e9dition augment\\u00e9e. Au cours des ann\\u00e9es qui se sont \\u00e9coul\\u00e9es depuis ces premi\\u00e8res \\u00e9ditions des millions de personnes de conditions sociales et culturelles et de provenances les plus diverses ont trouv\\u00e9 dans ces confidences\\u00a0de saint Jos\\u00e9maria Escriv\\u00e1 la lumi\\u00e8re et la force pour rencontrer Dieu et donner un sens \\u00e0 leur vie.&lt;\\\/p&gt;\\n&lt;p&gt;Le fait que les traductions en diverses langues se soient multipli\\u00e9es jusqu'\\u00e0 atteindre un tirage total qui se compte par millions d'exemplaires est l'un des signes les plus clairs de l'accueil r\\u00e9serv\\u00e9 \\u00e0 ce livre. En peu de temps &lt;em&gt;Chemin&lt;\\\/em&gt; est devenu un classique de la litt\\u00e9rature spirituelle une sorte d'\\u00ab Imitation des temps modernes\\u00bb comme ont dit certains.&lt;\\\/p&gt;\\n&lt;p&gt;Parler aujourd'hui de &lt;em&gt;Chemin&lt;\\\/em&gt; ce n'est donc pas pr\\u00e9senter un livre suffisamment connu d\\u00e9j\\u00e0 mais plut\\u00f4t r\\u00e9fl\\u00e9chir sur les raisons de son succ\\u00e8s. \\u00ab &lt;em&gt;Chemin&lt;\\\/em&gt; manifeste le caract\\u00e8re \\u00e9ternel de l'\\u00c9glise en m\\u00eame temps que ses in\\u00e9puisables possibilit\\u00e9s de renouvellement. \\u00bb C'est ainsi qu'un journaliste fran\\u00e7ais r\\u00e9sumait l'impression que ce livre lui avait produite (&lt;em&gt;Le Figaro&lt;\\\/em&gt; 24 mars1964).&lt;\\\/p&gt;\\n&lt;p&gt;C'est l\\u00e0 la principale valeur de &lt;em&gt;Chemin&lt;\\\/em&gt;: la profondeur et la vitalit\\u00e9 de son message qui n'est autre que le fait d'annoncer que la parole du Christ n'est pas lettre morte mais au contraire une r\\u00e9alit\\u00e9 vivante capable de transformer l'existence de tout homme qui ne lui ferme pas son c\\u0153ur. &lt;em&gt;Chemin&lt;\\\/em&gt; invite le lecteur \\u00e0 accueillir l'\\u00c9vangile selon un mode personnel en revivant la vie du Christ.&lt;\\\/p&gt;\\n&lt;h2&gt;Qui est l'auteur saint Jos\\u00e9maria Escriva ?&lt;\\\/h2&gt;\\n&lt;p&gt;&lt;strong&gt;Jos\\u00e9maria Escriva&lt;\\\/strong&gt;&lt;span&gt;\\u00a0(1902\\u20131975), fondateur de l\\u2019Opus Dei, a \\u00e9t\\u00e9 canonis\\u00e9 le 6 octobre 2002 \\u00e0 Rome. Jean-Paul II l\\u2019a d\\u00e9sign\\u00e9, \\u00e0 cette occasion, comme \\u00ab le saint de l\\u2019ordinaire \\u00bb. Il est l\\u2019auteur notamment de &lt;a href=\\&quot;https:\\\/\\\/editions-lelaurier.com\\\/fr\\\/collection-livrets-du-laurier\\\/408-aimer-le-monde-passionnement-9782864955238.html\\&quot;&gt;Aimer le monde passionn\\u00e9ment&lt;\\\/a&gt;&lt;\\\/span&gt;&lt;span&gt;,\\u00a0&lt;a href=\\&quot;https:\\\/\\\/editions-lelaurier.com\\\/fr\\\/livret-priere\\\/313-saint-rosaire.html\\&quot;&gt;Saint Rosaire&lt;\\\/a&gt;&lt;\\\/span&gt;&lt;span&gt;,\\u00a0&lt;a href=\\&quot;https:\\\/\\\/editions-lelaurier.com\\\/fr\\\/ouvrages-de-saint-josemaria\\\/309-quand-le-christ-passe-9782864953036.html\\&quot;&gt;Quand le Christ passe&lt;\\\/a&gt;&lt;\\\/span&gt;&lt;span&gt;,\\u00a0&lt;a href=\\&quot;https:\\\/\\\/editions-lelaurier.com\\\/fr\\\/ouvrages-de-saint-josemaria\\\/367-amis-de-dieu.html\\&quot;&gt;Amis de Dieu&lt;\\\/a&gt;&lt;\\\/span&gt;&lt;span&gt;,\\u00a0&lt;\\\/span&gt;&lt;em&gt;Chemin de Croix&lt;\\\/em&gt;&lt;span&gt;,\\u00a0&lt;a href=\\&quot;https:\\\/\\\/editions-lelaurier.com\\\/fr\\\/ouvrages-de-saint-josemaria\\\/314-sillon-9782864951933.html\\&quot;&gt;Sillon&lt;\\\/a&gt;&lt;\\\/span&gt;&lt;span&gt;\\u00a0et\\u00a0&lt;a href=\\&quot;https:\\\/\\\/editions-lelaurier.com\\\/fr\\\/ouvrages-de-saint-josemaria\\\/312-forge.html\\&quot;&gt;Forge&lt;\\\/a&gt;&lt;\\\/span&gt;&lt;span&gt;.&lt;\\\/span&gt;&lt;\\\/p&gt;&quot;,&quot;description_short&quot;:&quot;&lt;p&gt;Saint Jos\\u00e9maria ESCRIV\\u00c1&lt;\\\/p&gt;\\n&lt;p&gt;Dimensions : 10 x 14,5 x 1,3 cm&lt;\\\/p&gt;\\n&lt;p&gt;Poids : 0,145 kg&lt;\\\/p&gt;\\n&lt;p&gt;Pages : 268&lt;\\\/p&gt;\\n&lt;p&gt;ISBN : 978-2-86495-256-5&lt;\\\/p&gt;\\n&lt;p&gt;Date de parution : 1er janvier 1993&lt;\\\/p&gt;\\n&lt;p&gt;\\u00c9dition broch\\u00e9e&lt;\\\/p&gt;\\n&lt;p&gt;&lt;span style=\\&quot;color:#d0121a;\\&quot;&gt;&lt;strong&gt;&lt;a href=\\&quot;http:\\\/\\\/editions-lelaurier.com\\\/fr\\\/spiritualite-chretienne\\\/534-chemin-epub-9782864953494.html?search_query=chemin&amp;amp;results=52\\&quot;&gt;&lt;span style=\\&quot;color:#d0121a;\\&quot;&gt;Pour le livre num\\u00e9rique (epub) cliquez ici&lt;\\\/span&gt;&lt;\\\/a&gt;&lt;\\\/strong&gt;&lt;\\\/span&gt;&lt;\\\/p&gt;&quot;,&quot;available_now&quot;:&quot;&quot;,&quot;available_later&quot;:&quot;&quot;,&quot;id&quot;:310,&quot;id_product&quot;:310,&quot;out_of_stock&quot;:2,&quot;new&quot;:0,&quot;id_product_attribute&quot;:&quot;0&quot;,&quot;quantity_wanted&quot;:1,&quot;extraContent&quot;:[{&quot;title&quot;:&quot;&lt;span class=\\&quot;iqitreviews-title float-left\\&quot;&gt;Commentaires&lt;\\\/span&gt; &lt;span class=\\&quot;iqitreviews-nb\\&quot;&gt;(0)&lt;\\\/span&gt;&quot;,&quot;content&quot;:&quot;\\n&lt;div id=\\&quot;iqit-reviews\\&quot; class=\\&quot;mt-3\\&quot;&gt;\\n\\n &lt;div id=\\&quot;iqit-reviews-top\\&quot;&gt;\\n &lt;div class=\\&quot;row justify-content-between align-items-center\\&quot;&gt;\\n\\n &lt;div class=\\&quot;col mb-3\\&quot;&gt;\\n &lt;div id=\\&quot;iqitreviews-snippet\\&quot;&gt;Aucun avis&lt;\\\/div&gt;\\n &lt;\\\/div&gt;\\n\\n \\n &lt;\\\/div&gt; &lt;!-- \\\/ .row --&gt;\\n&lt;\\\/div&gt;&lt;!-- \\\/ #iqit-reviews-top --&gt;\\n\\n\\n&lt;div class=\\&quot;col-xs-12 alert alert-success hidden-xs-up\\&quot;\\n id=\\&quot;iqitreviews-productreview-form-success-alert\\&quot;&gt;\\n&lt;\\\/div&gt;\\n\\n\\n\\n\\n\\n&lt;\\\/div&gt;\\n\\n&quot;,&quot;attr&quot;:{&quot;id&quot;:&quot;iqit-reviews-tab&quot;,&quot;class&quot;:&quot;&quot;,&quot;data-iqitextra&quot;:&quot;iqit-reviews-tab&quot;},&quot;moduleName&quot;:&quot;iqitreviews&quot;}],&quot;allow_oosp&quot;:0,&quot;category&quot;:&quot;ouvrages-de-saint-josemaria&quot;,&quot;category_name&quot;:&quot;Ouvrages de Saint Jos\\u00e9maria&quot;,&quot;link&quot;:&quot;https:\\\/\\\/editions-lelaurier.com\\\/fr\\\/ouvrages-de-saint-josemaria\\\/310-chemin-9782864952565.html&quot;,&quot;attribute_price&quot;:0,&quot;price_tax_exc&quot;:9.478673,&quot;price_without_reduction&quot;:10,&quot;reduction&quot;:0,&quot;specific_prices&quot;:[],&quot;quantity&quot;:723,&quot;quantity_all_versions&quot;:723,&quot;id_image&quot;:&quot;fr-default&quot;,&quot;features&quot;:[{&quot;name&quot;:&quot;Largeur&quot;,&quot;value&quot;:&quot;10 cm&quot;,&quot;id_feature&quot;:&quot;2&quot;,&quot;position&quot;:&quot;0&quot;},{&quot;name&quot;:&quot;Longueur&quot;,&quot;value&quot;:&quot;14,5 cm&quot;,&quot;id_feature&quot;:&quot;7&quot;,&quot;position&quot;:&quot;1&quot;},{&quot;name&quot;:&quot;Poids&quot;,&quot;value&quot;:&quot;0,145 kg&quot;,&quot;id_feature&quot;:&quot;8&quot;,&quot;position&quot;:&quot;2&quot;}],&quot;attachments&quot;:[],&quot;virtual&quot;:0,&quot;pack&quot;:0,&quot;packItems&quot;:[],&quot;nopackprice&quot;:0,&quot;customization_required&quot;:false,&quot;rate&quot;:5.5,&quot;tax_name&quot;:&quot;TVA FR 5.5%&quot;,&quot;ecotax_rate&quot;:0,&quot;unit_price&quot;:&quot;&quot;,&quot;customizations&quot;:{&quot;fields&quot;:[]},&quot;id_customization&quot;:0,&quot;is_customizable&quot;:false,&quot;show_quantities&quot;:false,&quot;quantity_label&quot;:&quot;Produits&quot;,&quot;quantity_discounts&quot;:[],&quot;customer_group_discount&quot;:0,&quot;images&quot;:[{&quot;bySize&quot;:{&quot;small_default&quot;:{&quot;url&quot;:&quot;https:\\\/\\\/editions-lelaurier.com\\\/1133-small_default\\\/chemin.jpg&quot;,&quot;width&quot;:98,&quot;height&quot;:127},&quot;cart_default&quot;:{&quot;url&quot;:&quot;https:\\\/\\\/editions-lelaurier.com\\\/1133-cart_default\\\/chemin.jpg&quot;,&quot;width&quot;:125,&quot;height&quot;:162},&quot;home_default&quot;:{&quot;url&quot;:&quot;https:\\\/\\\/editions-lelaurier.com\\\/1133-home_default\\\/chemin.jpg&quot;,&quot;width&quot;:236,&quot;height&quot;:305},&quot;large_default&quot;:{&quot;url&quot;:&quot;https:\\\/\\\/editions-lelaurier.com\\\/1133-large_default\\\/chemin.jpg&quot;,&quot;width&quot;:381,&quot;height&quot;:492},&quot;medium_default&quot;:{&quot;url&quot;:&quot;https:\\\/\\\/editions-lelaurier.com\\\/1133-medium_default\\\/chemin.jpg&quot;,&quot;width&quot;:452,&quot;height&quot;:584},&quot;thickbox_default&quot;:{&quot;url&quot;:&quot;https:\\\/\\\/editions-lelaurier.com\\\/1133-thickbox_default\\\/chemin.jpg&quot;,&quot;width&quot;:1100,&quot;height&quot;:1422}},&quot;small&quot;:{&quot;url&quot;:&quot;https:\\\/\\\/editions-lelaurier.com\\\/1133-small_default\\\/chemin.jpg&quot;,&quot;width&quot;:98,&quot;height&quot;:127},&quot;medium&quot;:{&quot;url&quot;:&quot;https:\\\/\\\/editions-lelaurier.com\\\/1133-large_default\\\/chemin.jpg&quot;,&quot;width&quot;:381,&quot;height&quot;:492},&quot;large&quot;:{&quot;url&quot;:&quot;https:\\\/\\\/editions-lelaurier.com\\\/1133-thickbox_default\\\/chemin.jpg&quot;,&quot;width&quot;:1100,&quot;height&quot;:1422},&quot;legend&quot;:&quot;Chemin&quot;,&quot;id_image&quot;:&quot;1133&quot;,&quot;cover&quot;:&quot;1&quot;,&quot;position&quot;:&quot;1&quot;,&quot;associatedVariants&quot;:[]}],&quot;cover&quot;:{&quot;bySize&quot;:{&quot;small_default&quot;:{&quot;url&quot;:&quot;https:\\\/\\\/editions-lelaurier.com\\\/1133-small_default\\\/chemin.jpg&quot;,&quot;width&quot;:98,&quot;height&quot;:127},&quot;cart_default&quot;:{&quot;url&quot;:&quot;https:\\\/\\\/editions-lelaurier.com\\\/1133-cart_default\\\/chemin.jpg&quot;,&quot;width&quot;:125,&quot;height&quot;:162},&quot;home_default&quot;:{&quot;url&quot;:&quot;https:\\\/\\\/editions-lelaurier.com\\\/1133-home_default\\\/chemin.jpg&quot;,&quot;width&quot;:236,&quot;height&quot;:305},&quot;large_default&quot;:{&quot;url&quot;:&quot;https:\\\/\\\/editions-lelaurier.com\\\/1133-large_default\\\/chemin.jpg&quot;,&quot;width&quot;:381,&quot;height&quot;:492},&quot;medium_default&quot;:{&quot;url&quot;:&quot;https:\\\/\\\/editions-lelaurier.com\\\/1133-medium_default\\\/chemin.jpg&quot;,&quot;width&quot;:452,&quot;height&quot;:584},&quot;thickbox_default&quot;:{&quot;url&quot;:&quot;https:\\\/\\\/editions-lelaurier.com\\\/1133-thickbox_default\\\/chemin.jpg&quot;,&quot;width&quot;:1100,&quot;height&quot;:1422}},&quot;small&quot;:{&quot;url&quot;:&quot;https:\\\/\\\/editions-lelaurier.com\\\/1133-small_default\\\/chemin.jpg&quot;,&quot;width&quot;:98,&quot;height&quot;:127},&quot;medium&quot;:{&quot;url&quot;:&quot;https:\\\/\\\/editions-lelaurier.com\\\/1133-large_default\\\/chemin.jpg&quot;,&quot;width&quot;:381,&quot;height&quot;:492},&quot;large&quot;:{&quot;url&quot;:&quot;https:\\\/\\\/editions-lelaurier.com\\\/1133-thickbox_default\\\/chemin.jpg&quot;,&quot;width&quot;:1100,&quot;height&quot;:1422},&quot;legend&quot;:&quot;Chemin&quot;,&quot;id_image&quot;:&quot;1133&quot;,&quot;cover&quot;:&quot;1&quot;,&quot;position&quot;:&quot;1&quot;,&quot;associatedVariants&quot;:[]},&quot;has_discount&quot;:false,&quot;discount_type&quot;:null,&quot;discount_percentage&quot;:null,&quot;discount_percentage_absolute&quot;:null,&quot;discount_amount&quot;:null,&quot;discount_amount_to_display&quot;:null,&quot;price_amount&quot;:10,&quot;unit_price_full&quot;:&quot;&quot;,&quot;show_availability&quot;:true,&quot;availability_date&quot;:null,&quot;availability_message&quot;:&quot;Disponible&quot;,&quot;availability&quot;:&quot;available&quot;}\">\n<section class=\"product-features\">\n<dl class=\"data-sheet\">\n<dt class=\"name\"><\/dt>\n<dd class=\"value\"><\/dd>\n<dt class=\"name\"><\/dt>\n<dd class=\"value\"><\/dd>\n<dt class=\"name\"><\/dt>\n<dd class=\"value\"><\/dd>\n<\/dl>\n<\/section>\n<div class=\"product-reference\"><\/div>\n<div class=\"product-out-of-stock\"><\/div>\n<\/div>\n<\/div>\n<div id=\"extra-0\" class=\"tab-pane in \" data-iqitextra=\"iqit-reviews-tab\">\n<div id=\"iqit-reviews\" class=\"mt-3\">\n<div id=\"iqit-reviews-top\">\n<div class=\"row justify-content-between align-items-center\">\n<div class=\"col mb-3\">\n<div id=\"iqitreviews-snippet\"><\/div>\n<\/div>\n<\/div>\n<\/div>\n<\/div>\n<\/div>\n","protected":false},"excerpt":{"rendered":"<p>&nbsp;<\/p>\n<p>&nbsp;<\/p>\n","protected":false},"featured_media":1188,"comment_status":"closed","ping_status":"closed","template":"","meta":{"inline_featured_image":false},"product_brand":[],"product_cat":[52],"product_tag":[],"class_list":{"0":"post-3952","1":"product","2":"type-product","3":"status-publish","4":"has-post-thumbnail","6":"product_cat-josemaria-escriva-2","7":"pa_auteur-josemaria-escriva-3","9":"first","10":"instock","11":"taxable","12":"shipping-taxable","13":"purchasable","14":"product-type-simple"},"acf":[],"_links":{"self":[{"href":"https:\/\/didoc.be\/fr\/wp-json\/wp\/v2\/product\/3952","targetHints":{"allow":["GET"]}}],"collection":[{"href":"https:\/\/didoc.be\/fr\/wp-json\/wp\/v2\/product"}],"about":[{"href":"https:\/\/didoc.be\/fr\/wp-json\/wp\/v2\/types\/product"}],"replies":[{"embeddable":true,"href":"https:\/\/didoc.be\/fr\/wp-json\/wp\/v2\/comments?post=3952"}],"wp:featuredmedia":[{"embeddable":true,"href":"https:\/\/didoc.be\/fr\/wp-json\/wp\/v2\/media\/1188"}],"wp:attachment":[{"href":"https:\/\/didoc.be\/fr\/wp-json\/wp\/v2\/media?parent=3952"}],"wp:term":[{"taxonomy":"product_brand","embeddable":true,"href":"https:\/\/didoc.be\/fr\/wp-json\/wp\/v2\/product_brand?post=3952"},{"taxonomy":"product_cat","embeddable":true,"href":"https:\/\/didoc.be\/fr\/wp-json\/wp\/v2\/product_cat?post=3952"},{"taxonomy":"product_tag","embeddable":true,"href":"https:\/\/didoc.be\/fr\/wp-json\/wp\/v2\/product_tag?post=3952"}],"curies":[{"name":"wp","href":"https:\/\/api.w.org\/{rel}","templated":true}]}}