{"id":3942,"date":"2023-11-27T13:13:17","date_gmt":"2023-11-27T12:13:17","guid":{"rendered":"https:\/\/didoc.be\/product\/amis-de-dieu-j-escriva\/"},"modified":"2024-11-26T16:44:07","modified_gmt":"2024-11-26T15:44:07","slug":"amis-de-dieu-j-escriva","status":"publish","type":"product","link":"https:\/\/didoc.be\/fr\/product\/amis-de-dieu-j-escriva\/","title":{"rendered":"Amis de Dieu"},"content":{"rendered":"<p>Amis de Dieu est une hymne \u00e0 la vie ordinaire. Saint Jos\u00e9maria s&rsquo;adresse aux hommes et aux femmes de notre temps pour leur proposer un chemin de saintet\u00e9 dans la vie courante. Il brosse un panorama des vertus humaines et chr\u00e9tiennes fondamentales pour celui qui voudrait suivre de pr\u00e8s les pas du Ma\u00eetre : l&rsquo;amour de Dieu et des hommes, la grandeur de la vie ordinaire, la libert\u00e9, le travail bien fait, l&rsquo;humilit\u00e9, le d\u00e9tachement, la pauvret\u00e9, la justice, la foi, l&rsquo;esp\u00e9rance&#8230; et cela de mani\u00e8re concr\u00e8te et profonde, dans un style r\u00e9solument clair et optimiste.<\/p>\n","protected":false},"excerpt":{"rendered":"<p>Amis de Dieu est une hymne \u00e0 la vie ordinaire. Saint Jos\u00e9maria s&rsquo;adresse aux hommes et aux femmes de notre temps pour leur proposer un chemin de saintet\u00e9 dans la vie courante. Il brosse un panorama des vertus humaines et chr\u00e9tiennes fondamentales pour celui qui voudrait suivre de pr\u00e8s les pas du Ma\u00eetre : l&rsquo;amour [&hellip;]<\/p>\n","protected":false},"featured_media":1158,"comment_status":"closed","ping_status":"closed","template":"","meta":{"inline_featured_image":false},"product_brand":[],"product_cat":[50,52,49],"product_tag":[],"class_list":{"0":"post-3942","1":"product","2":"type-product","3":"status-publish","4":"has-post-thumbnail","6":"product_cat-francais","7":"product_cat-josemaria-escriva-2","8":"product_cat-livres","9":"pa_auteur-josemaria-escriva-3","11":"first","12":"instock","13":"taxable","14":"shipping-taxable","15":"purchasable","16":"product-type-simple"},"acf":[],"_links":{"self":[{"href":"https:\/\/didoc.be\/fr\/wp-json\/wp\/v2\/product\/3942","targetHints":{"allow":["GET"]}}],"collection":[{"href":"https:\/\/didoc.be\/fr\/wp-json\/wp\/v2\/product"}],"about":[{"href":"https:\/\/didoc.be\/fr\/wp-json\/wp\/v2\/types\/product"}],"replies":[{"embeddable":true,"href":"https:\/\/didoc.be\/fr\/wp-json\/wp\/v2\/comments?post=3942"}],"wp:featuredmedia":[{"embeddable":true,"href":"https:\/\/didoc.be\/fr\/wp-json\/wp\/v2\/media\/1158"}],"wp:attachment":[{"href":"https:\/\/didoc.be\/fr\/wp-json\/wp\/v2\/media?parent=3942"}],"wp:term":[{"taxonomy":"product_brand","embeddable":true,"href":"https:\/\/didoc.be\/fr\/wp-json\/wp\/v2\/product_brand?post=3942"},{"taxonomy":"product_cat","embeddable":true,"href":"https:\/\/didoc.be\/fr\/wp-json\/wp\/v2\/product_cat?post=3942"},{"taxonomy":"product_tag","embeddable":true,"href":"https:\/\/didoc.be\/fr\/wp-json\/wp\/v2\/product_tag?post=3942"}],"curies":[{"name":"wp","href":"https:\/\/api.w.org\/{rel}","templated":true}]}}