{"id":3939,"date":"2023-11-27T13:13:16","date_gmt":"2023-11-27T12:13:16","guid":{"rendered":"https:\/\/didoc.be\/product\/aimer-leglise-j-escriva\/"},"modified":"2024-11-26T16:41:49","modified_gmt":"2024-11-26T15:41:49","slug":"aimer-leglise-j-escriva","status":"publish","type":"product","link":"https:\/\/didoc.be\/fr\/product\/aimer-leglise-j-escriva\/","title":{"rendered":"Aimer l&rsquo;\u00c9glise"},"content":{"rendered":"<p>Saint Jos\u00e9maria Escriva, qui a \u00e9t\u00e9 un t\u00e9moin d\u2019amour pour l\u2019\u00c9glise, nous propose dans ce livre d\u2019approfondir notre amour de l\u2019\u00c9glise, en consid\u00e9rant et sa fin surnaturelle, et la loyaut\u00e9 pour vivre la vocation de baptis\u00e9s.<\/p>\n","protected":false},"excerpt":{"rendered":"<p>Saint Jos\u00e9maria Escriva, qui a \u00e9t\u00e9 un t\u00e9moin d\u2019amour pour l\u2019\u00c9glise, nous propose dans ce livre d\u2019approfondir notre amour de l\u2019\u00c9glise, en consid\u00e9rant et sa fin surnaturelle, et la loyaut\u00e9 pour vivre la vocation de baptis\u00e9s.<\/p>\n","protected":false},"featured_media":1149,"comment_status":"closed","ping_status":"closed","template":"","meta":{"inline_featured_image":false},"product_brand":[],"product_cat":[50,52,49],"product_tag":[],"class_list":{"0":"post-3939","1":"product","2":"type-product","3":"status-publish","4":"has-post-thumbnail","6":"product_cat-francais","7":"product_cat-josemaria-escriva-2","8":"product_cat-livres","9":"pa_auteur-josemaria-escriva-3","11":"first","12":"instock","13":"taxable","14":"shipping-taxable","15":"purchasable","16":"product-type-simple"},"acf":[],"_links":{"self":[{"href":"https:\/\/didoc.be\/fr\/wp-json\/wp\/v2\/product\/3939","targetHints":{"allow":["GET"]}}],"collection":[{"href":"https:\/\/didoc.be\/fr\/wp-json\/wp\/v2\/product"}],"about":[{"href":"https:\/\/didoc.be\/fr\/wp-json\/wp\/v2\/types\/product"}],"replies":[{"embeddable":true,"href":"https:\/\/didoc.be\/fr\/wp-json\/wp\/v2\/comments?post=3939"}],"wp:featuredmedia":[{"embeddable":true,"href":"https:\/\/didoc.be\/fr\/wp-json\/wp\/v2\/media\/1149"}],"wp:attachment":[{"href":"https:\/\/didoc.be\/fr\/wp-json\/wp\/v2\/media?parent=3939"}],"wp:term":[{"taxonomy":"product_brand","embeddable":true,"href":"https:\/\/didoc.be\/fr\/wp-json\/wp\/v2\/product_brand?post=3939"},{"taxonomy":"product_cat","embeddable":true,"href":"https:\/\/didoc.be\/fr\/wp-json\/wp\/v2\/product_cat?post=3939"},{"taxonomy":"product_tag","embeddable":true,"href":"https:\/\/didoc.be\/fr\/wp-json\/wp\/v2\/product_tag?post=3939"}],"curies":[{"name":"wp","href":"https:\/\/api.w.org\/{rel}","templated":true}]}}