{"id":463,"date":"2023-07-04T14:58:24","date_gmt":"2023-07-04T12:58:24","guid":{"rendered":"https:\/\/didoc.be\/papers\/"},"modified":"2024-01-15T11:12:47","modified_gmt":"2024-01-15T10:12:47","slug":"papers","status":"publish","type":"page","link":"https:\/\/didoc.be\/fr\/papers\/","title":{"rendered":"Papers"},"content":{"rendered":"<form class=\"paper-form\"><input name=\"paper_s\" value=\"\" placeholder=\"Recherche de papers...\"><\/input><select name=\"paper_categorie\" class=\"overzicht-filter\"><option value=\"30\">Toutes les cat\u00e9gories<\/option><option value=\"71\" >Bio\u00e9thique<\/option>, <option value=\"72\" >Communication et m\u00e9dias<\/option>, <option value=\"70\" >Eglise<\/option>, <option value=\"67\" >Foi<\/option>, <option value=\"68\" >Mariage et famille<\/option>, <option value=\"69\" >Recension livre<\/option>, <option value=\"66\" >Soci\u00e9t\u00e9<\/option>, <option value=\"65\" >Spiritualit\u00e9<\/option>, <\/select><select name=\"paper_auteur\" class=\"overzicht-filter\"><option value=\"\">Choisissez un auteur<\/option><option value=\"175 associations\" >175 associations<\/option> <option value=\"Aceprensa\" >Aceprensa<\/option> <option value=\"Alain Bandelier\" >Alain Bandelier<\/option> <option value=\"Alain Mattheeuws\" >Alain Mattheeuws<\/option> <option value=\"Alain Tiri\" >Alain Tiri<\/option> <option value=\"Albert-Pierre Van Gulck\" >Albert-Pierre Van Gulck<\/option> <option value=\"Alice Pairo-Vasseur\" >Alice Pairo-Vasseur<\/option> <option value=\"Almudi\" >Almudi<\/option> <option value=\"Ana Samuel\" >Ana Samuel<\/option> <option value=\"Ana Zarzalejos Vicens\" >Ana Zarzalejos Vicens<\/option> <option value=\"Andrew Byrne\" >Andrew Byrne<\/option> <option value=\"Andr\u00e9 Vingt-Trois\" >Andr\u00e9 Vingt-Trois<\/option> <option value=\"Andr\u00e9-Joseph L\u00e9onard\" >Andr\u00e9-Joseph L\u00e9onard<\/option> <option value=\"Angel Rodr\u00edguez Lu\u00f1o\" >Angel Rodr\u00edguez Lu\u00f1o<\/option> <option value=\"Angelo Becciu\" >Angelo Becciu<\/option> <option value=\"Anne Schaub\" >Anne Schaub<\/option> <option value=\"Annie Laurent\" >Annie Laurent<\/option> <option value=\"Antoine Pasquier\" >Antoine Pasquier<\/option> <option value=\"Antonio Socci\" >Antonio Socci<\/option> <option value=\"Antony Burckhardt\" >Antony Burckhardt<\/option> <option value=\"Ariane Bazan et al.\" >Ariane Bazan et al.<\/option> <option value=\"Beno\u00eet XVI\" >Beno\u00eet XVI<\/option> <option value=\"Bernard Sesbo\u00fc\u00e9\" >Bernard Sesbo\u00fc\u00e9<\/option> <option value=\"Bosco d'Otreppe\" >Bosco d'Otreppe<\/option> <option value=\"Bruno Debois\" >Bruno Debois<\/option> <option value=\"CCNE\" >CCNE<\/option> <option value=\"Carine Brochier\" >Carine Brochier<\/option> <option value=\"Carine Thieffry\" >Carine Thieffry<\/option> <option value=\"Carlo Caffarra\" >Carlo Caffarra<\/option> <option value=\"Carmen Camey\" >Carmen Camey<\/option> <option value=\"Carter Griffin\" >Carter Griffin<\/option> <option value=\"Catherine Dopchie\" >Catherine Dopchie<\/option> <option value=\"Cecilia Galatolo\" >Cecilia Galatolo<\/option> <option value=\"Charles J. Chaput\" >Charles J. Chaput<\/option> <option value=\"Charles J. Scicluna\" >Charles J. Scicluna<\/option> <option value=\"Christian Venard\" >Christian Venard<\/option> <option value=\"Christophe Doat et al.\" >Christophe Doat et al.<\/option> <option value=\"Christopher Trummer\" >Christopher Trummer<\/option> <option value=\"Claude G\u00e9rard\" >Claude G\u00e9rard<\/option> <option value=\"Collectif de catholiques (*)\" >Collectif de catholiques (*)<\/option> <option value=\"Collectif de professionnels\" >Collectif de professionnels<\/option> <option value=\"Constance du Bus\" >Constance du Bus<\/option> <option value=\"C\u00e9cile S\u00e9veirac\" >C\u00e9cile S\u00e9veirac<\/option> <option value=\"C\u00e9dric Burgun\" >C\u00e9dric Burgun<\/option> <option value=\"Daniel Rodenstein\" >Daniel Rodenstein<\/option> <option value=\"Dani\u00e8le Godelaine\" >Dani\u00e8le Godelaine<\/option> <option value=\"David Dessin\" >David Dessin<\/option> <option value=\"Diane Drory, Jean-Yves Hayez, Jean-Pierre Lebrun\" >Diane Drory, Jean-Yves Hayez, Jean-Pierre Lebrun<\/option> <option value=\"Dominique Janthial\" >Dominique Janthial<\/option> <option value=\"Dominique Lambert\" >Dominique Lambert<\/option> <option value=\"Douglas Farrow\" >Douglas Farrow<\/option> <option value=\"ECLJ\" >ECLJ<\/option> <option value=\"Edward Pentin\" >Edward Pentin<\/option> <option value=\"Emmanuel Cabello\" >Emmanuel Cabello<\/option> <option value=\"Eric de Beukelaer\" >Eric de Beukelaer<\/option> <option value=\"Etienne Dujardin\" >Etienne Dujardin<\/option> <option value=\"Etienne Michel\" >Etienne Michel<\/option> <option value=\"Etienne Montero\" >Etienne Montero<\/option> <option value=\"Etudiants de l'ICES\" >Etudiants de l'ICES<\/option> <option value=\"Ev\u00eaques de Belgique\" >Ev\u00eaques de Belgique<\/option> <option value=\"Fabrice Hadjadj\" >Fabrice Hadjadj<\/option> <option value=\"Fabrizio Piciarelli\" >Fabrizio Piciarelli<\/option> <option value=\"Family and Media\" >Family and Media<\/option> <option value=\"Federico Lombardi\" >Federico Lombardi<\/option> <option value=\"Fernand Keuleneer\" >Fernand Keuleneer<\/option> <option value=\"Fernando Ar\u00e9valo\" >Fernando Ar\u00e9valo<\/option> <option value=\"Fernando Oc\u00e1riz\" >Fernando Oc\u00e1riz<\/option> <option value=\"Fernando Rodr\u00edguez-Borlado\" >Fernando Rodr\u00edguez-Borlado<\/option> <option value=\"Fernando del Moral\" >Fernando del Moral<\/option> <option value=\"Fiorenzo Facchini\" >Fiorenzo Facchini<\/option> <option value=\"Francesco Agnoli\" >Francesco Agnoli<\/option> <option value=\"Fran\u00e7ois Henry\" >Fran\u00e7ois Henry<\/option> <option value=\"Fulton J. Sheen\" >Fulton J. Sheen<\/option> <option value=\"Georges Rouel\" >Georges Rouel<\/option> <option value=\"Georges Weigel\" >Georges Weigel<\/option> <option value=\"Giampaolo Crepaldi\" >Giampaolo Crepaldi<\/option> <option value=\"Gilles Bernheim\" >Gilles Bernheim<\/option> <option value=\"Giordano Muraro\" >Giordano Muraro<\/option> <option value=\"Godfried Danneels\" >Godfried Danneels<\/option> <option value=\"Gregor Puppinck\" >Gregor Puppinck<\/option> <option value=\"Gregorio Luri\" >Gregorio Luri<\/option> <option value=\"Gr\u00e9gor Puppinck\" >Gr\u00e9gor Puppinck<\/option> <option value=\"Guido Marini\" >Guido Marini<\/option> <option value=\"Guillaume Derville\" >Guillaume Derville<\/option> <option value=\"Guy Bagnard\" >Guy Bagnard<\/option> <option value=\"G\u00e8n\u00e9thique\" >G\u00e8n\u00e9thique<\/option> <option value=\"G\u00e9rard-Fran\u00e7ois Dumont\" >G\u00e9rard-Fran\u00e7ois Dumont<\/option> <option value=\"Harald Eia\" >Harald Eia<\/option> <option value=\"Henri Hude\" >Henri Hude<\/option> <option value=\"Hilde Kieboom\" >Hilde Kieboom<\/option> <option value=\"Ignacio Ar\u00e9chaga\" >Ignacio Ar\u00e9chaga<\/option> <option value=\"Ignacio Socias\" >Ignacio Socias<\/option> <option value=\"Institut Europ\u00e9en de Bio\u00e9thique\" >Institut Europ\u00e9en de Bio\u00e9thique<\/option> <option value=\"Isabel Rodr\u00edguez Maisterra\" >Isabel Rodr\u00edguez Maisterra<\/option> <option value=\"Isabelle de Mol-Di Lodovico\" >Isabelle de Mol-Di Lodovico<\/option> <option value=\"Isaure De Clerck et al.\" >Isaure De Clerck et al.<\/option> <option value=\"Isis Barajas\" >Isis Barajas<\/option> <option value=\"Jack Valero\" >Jack Valero<\/option> <option value=\"Jacques Leirens\" >Jacques Leirens<\/option> <option value=\"Javier Echevarr\u00eda\" >Javier Echevarr\u00eda<\/option> <option value=\"Javier Garc\u00eda Herrer\u00eda\" >Javier Garc\u00eda Herrer\u00eda<\/option> <option value=\"Javier Garc\u00eda Herrer\u00eda et Paloma L\u00f3pez Campos\" >Javier Garc\u00eda Herrer\u00eda et Paloma L\u00f3pez Campos<\/option> <option value=\"Javier Vidal-Quadras\" >Javier Vidal-Quadras<\/option> <option value=\"Jean Gottigny\" >Jean Gottigny<\/option> <option value=\"Jean de Codt\" >Jean de Codt<\/option> <option value=\"Jean de Saint-Ch\u00e9ron\" >Jean de Saint-Ch\u00e9ron<\/option> <option value=\"Jean-Baptiste Ghins et al.\" >Jean-Baptiste Ghins et al.<\/option> <option value=\"Jean-Beno\u00eet Linsmaux\" >Jean-Beno\u00eet Linsmaux<\/option> <option value=\"Jean-Jacques Durr\u00e9\" >Jean-Jacques Durr\u00e9<\/option> <option value=\"Jean-Luc Maroy\" >Jean-Luc Maroy<\/option> <option value=\"Jean-Michel Decroly\" >Jean-Michel Decroly<\/option> <option value=\"Jean-Pierre Cattenoz\" >Jean-Pierre Cattenoz<\/option> <option value=\"Jer\u00f3nimo Jos\u00e9 Mart\u00edn, Jos\u00e9 Mar\u00eda Arest\u00e9\" >Jer\u00f3nimo Jos\u00e9 Mart\u00edn, Jos\u00e9 Mar\u00eda Arest\u00e9<\/option> <option value=\"Joachim Meisner\" >Joachim Meisner<\/option> <option value=\"Joaqu\u00edn Navarro-Valls\" >Joaqu\u00edn Navarro-Valls<\/option> <option value=\"John Allen\" >John Allen<\/option> <option value=\"John Byron Kuhner\" >John Byron Kuhner<\/option> <option value=\"Jonathon Van Maren\" >Jonathon Van Maren<\/option> <option value=\"Joseph Challier\" >Joseph Challier<\/option> <option value=\"Joseph E. Stiglitz\" >Joseph E. Stiglitz<\/option> <option value=\"Joseph Fadelle\" >Joseph Fadelle<\/option> <option value=\"Joseph Junker\" >Joseph Junker<\/option> <option value=\"Joseph Ratzinger\" >Joseph Ratzinger<\/option> <option value=\"Joseph Ratzinger \/ Beno\u00eet XVI\" >Joseph Ratzinger \/ Beno\u00eet XVI<\/option> <option value=\"Joseph Weiler\" >Joseph Weiler<\/option> <option value=\"Jos\u00e9 Ignacio Moreno\" >Jos\u00e9 Ignacio Moreno<\/option> <option value=\"Jos\u00e9 M. Garc\u00eda Pelegr\u00edn\" >Jos\u00e9 M. Garc\u00eda Pelegr\u00edn<\/option> <option value=\"Jo\u00eblle Levecq-Hennemanne\" >Jo\u00eblle Levecq-Hennemanne<\/option> <option value=\"Juan Diaz\" >Juan Diaz<\/option> <option value=\"Juan Manuel Mora\" >Juan Manuel Mora<\/option> <option value=\"Juan Meseguer\" >Juan Meseguer<\/option> <option value=\"Juan Orellana\" >Juan Orellana<\/option> <option value=\"Julio Llorente\" >Julio Llorente<\/option> <option value=\"Justin A. Freeman\" >Justin A. Freeman<\/option> <option value=\"Katholische Presseagentur (Vienne)\" >Katholische Presseagentur (Vienne)<\/option> <option value=\"Kaya Burgess\" >Kaya Burgess<\/option> <option value=\"Kurt Martens\" >Kurt Martens<\/option> <option value=\"Laurence Dardenne\" >Laurence Dardenne<\/option> <option value=\"Laurent Touze\" >Laurent Touze<\/option> <option value=\"Laurent de Briey\" >Laurent de Briey<\/option> <option value=\"Linde Declercq\" >Linde Declercq<\/option> <option value=\"Livio Melina\" >Livio Melina<\/option> <option value=\"Lorenza Formicola\" >Lorenza Formicola<\/option> <option value=\"Luc Van Gorp\" >Luc Van Gorp<\/option> <option value=\"Lucetta Scaraffia\" >Lucetta Scaraffia<\/option> <option value=\"Luc\u00eda Mart\u00ednez Alcalde\" >Luc\u00eda Mart\u00ednez Alcalde<\/option> <option value=\"Luis F. Ladaria\" >Luis F. Ladaria<\/option> <option value=\"Luis Guti\u00e9rrez Rojas\" >Luis Guti\u00e9rrez Rojas<\/option> <option value=\"Luis Luque\" >Luis Luque<\/option> <option value=\"M. Hanley et J. de Irala\" >M. Hanley et J. de Irala<\/option> <option value=\"Manuella Affejee\" >Manuella Affejee<\/option> <option value=\"Marc Aillet\" >Marc Aillet<\/option> <option value=\"Marguerite Peeters\" >Marguerite Peeters<\/option> <option value=\"Marguerite Stern\" >Marguerite Stern<\/option> <option value=\"Maria Jos\u00e9 Atienza\" >Maria Jos\u00e9 Atienza<\/option> <option value=\"Marie Thibaut de Maisi\u00e8res\" >Marie Thibaut de Maisi\u00e8res<\/option> <option value=\"Marie et Pablo Gonz\u00e1lez Depreter\" >Marie et Pablo Gonz\u00e1lez Depreter<\/option> <option value=\"Mariolina Ceriotti Migliarese\" >Mariolina Ceriotti Migliarese<\/option> <option value=\"Marthe Mahieu\" >Marthe Mahieu<\/option> <option value=\"Martin Rhonheimer\" >Martin Rhonheimer<\/option> <option value=\"Martin Van Breusegem\" >Martin Van Breusegem<\/option> <option value=\"Mary Eberstadt\" >Mary Eberstadt<\/option> <option value=\"Marzena Devoud\" >Marzena Devoud<\/option> <option value=\"Mar\u00eda Candela Temes\" >Mar\u00eda Candela Temes<\/option> <option value=\"Massimo Introvigne\" >Massimo Introvigne<\/option> <option value=\"Mathilde de Robien\" >Mathilde de Robien<\/option> <option value=\"Michael Cook\" >Michael Cook<\/option> <option value=\"Michel Aupetit\" >Michel Aupetit<\/option> <option value=\"Miguel A. Mart\u00ednez-Gonz\u00e1lez\" >Miguel A. Mart\u00ednez-Gonz\u00e1lez<\/option> <option value=\"Miguel Pastorino\" >Miguel Pastorino<\/option> <option value=\"P. Guembe et C. Go\u00f1i\" >P. Guembe et C. Go\u00f1i<\/option> <option value=\"Paloma L\u00f3pez Campos\" >Paloma L\u00f3pez Campos<\/option> <option value=\"Paola Belletti\" >Paola Belletti<\/option> <option value=\"Pape Fran\u00e7ois\" >Pape Fran\u00e7ois<\/option> <option value=\"Patrick K\u00e9chichian\" >Patrick K\u00e9chichian<\/option> <option value=\"Peter Jesserer Smith\" >Peter Jesserer Smith<\/option> <option value=\"Philip Jenkins\" >Philip Jenkins<\/option> <option value=\"Philippe Dalleur\" >Philippe Dalleur<\/option> <option value=\"Philippe Nemo\" >Philippe Nemo<\/option> <option value=\"Phin Lyman\" >Phin Lyman<\/option> <option value=\"Pierre Barn\u00e9rias\" >Pierre Barn\u00e9rias<\/option> <option value=\"Pierre-Olivier Arduin\" >Pierre-Olivier Arduin<\/option> <option value=\"Rafael Domingo Osl\u00e9\" >Rafael Domingo Osl\u00e9<\/option> <option value=\"Rafael Serrano\" >Rafael Serrano<\/option> <option value=\"Raniero Cantalamessa\" >Raniero Cantalamessa<\/option> <option value=\"Raphael Bonelli\" >Raphael Bonelli<\/option> <option value=\"Religi\u00f3n en libertad\" >Religi\u00f3n en libertad<\/option> <option value=\"Ricardo Estarriol\" >Ricardo Estarriol<\/option> <option value=\"Richard Cipolla\" >Richard Cipolla<\/option> <option value=\"Rik Torfs\" >Rik Torfs<\/option> <option value=\"Robert Barron\" >Robert Barron<\/option> <option value=\"Robert Sarah\" >Robert Sarah<\/option> <option value=\"Roberto Marchesini\" >Roberto Marchesini<\/option> <option value=\"Rosemary Salomone\" >Rosemary Salomone<\/option> <option value=\"R\u00e9gis Martin\" >R\u00e9gis Martin<\/option> <option value=\"R\u00e9mi Brague\" >R\u00e9mi Brague<\/option> <option value=\"Sabine et Jean-Baptiste Laignelot et al.\" >Sabine et Jean-Baptiste Laignelot et al.<\/option> <option value=\"Salvador Bernal\" >Salvador Bernal<\/option> <option value=\"Samir Khalil Samir\" >Samir Khalil Samir<\/option> <option value=\"Sandrine De Schutter\" >Sandrine De Schutter<\/option> <option value=\"Sergio Sahli\" >Sergio Sahli<\/option> <option value=\"Shahbaz Bhatti\" >Shahbaz Bhatti<\/option> <option value=\"Simon No\u00ebl\" >Simon No\u00ebl<\/option> <option value=\"Simon-P\u00e1l Sch\u00fcmmer\" >Simon-P\u00e1l Sch\u00fcmmer<\/option> <option value=\"Sophie Dech\u00eane et al.\" >Sophie Dech\u00eane et al.<\/option> <option value=\"Sophie Devillers\" >Sophie Devillers<\/option> <option value=\"Stanton L. Jones\" >Stanton L. Jones<\/option> <option value=\"Stijn Van den Bossche\" >Stijn Van den Bossche<\/option> <option value=\"St\u00e9phane Seminckx\" >St\u00e9phane Seminckx<\/option> <option value=\"Theo Boer\" >Theo Boer<\/option> <option value=\"Thomas et Linde Wouters-Declercq\" >Thomas et Linde Wouters-Declercq<\/option> <option value=\"Tom Naegels\" >Tom Naegels<\/option> <option value=\"Tony Anatrella\" >Tony Anatrella<\/option> <option value=\"Tristan de Bourbon\" >Tristan de Bourbon<\/option> <option value=\"Vanessa Chalmers\" >Vanessa Chalmers<\/option> <option value=\"Vincent Delannoy\" >Vincent Delannoy<\/option> <option value=\"Vincent Nichols\" >Vincent Nichols<\/option> <option value=\"V\u00e9ronique Depreter\" >V\u00e9ronique Depreter<\/option> <option value=\"Walter Brandm\u00fcller\" >Walter Brandm\u00fcller<\/option> <option value=\"Willem Lemmens\" >Willem Lemmens<\/option> <option value=\"Wim Eijk\" >Wim Eijk<\/option> <option value=\"Xavier Dijon\" >Xavier Dijon<\/option> <option value=\"Yves Boivineau\" >Yves Boivineau<\/option> <option value=\"Zenit\" >Zenit<\/option> <option value=\"www.opusdei.be\" >www.opusdei.be<\/option> <option value=\"www.opusdei.fr\" >www.opusdei.fr<\/option> <\/select><select name=\"paper_sort\" class=\"overzicht-filter\"><option value=\"\">Tri par date de publication<\/option><option value=\"hits\" >Tri par nombre de visites<\/option> <\/select><input class=\"button\" type=\"submit\" value=\"valider\"><\/form>\n","protected":false},"excerpt":{"rendered":"","protected":false},"author":1,"featured_media":0,"parent":0,"menu_order":8,"comment_status":"closed","ping_status":"closed","template":"","meta":{"inline_featured_image":false,"footnotes":""},"class_list":["post-463","page","type-page","status-publish","hentry"],"acf":[],"_links":{"self":[{"href":"https:\/\/didoc.be\/fr\/wp-json\/wp\/v2\/pages\/463","targetHints":{"allow":["GET"]}}],"collection":[{"href":"https:\/\/didoc.be\/fr\/wp-json\/wp\/v2\/pages"}],"about":[{"href":"https:\/\/didoc.be\/fr\/wp-json\/wp\/v2\/types\/page"}],"author":[{"embeddable":true,"href":"https:\/\/didoc.be\/fr\/wp-json\/wp\/v2\/users\/1"}],"replies":[{"embeddable":true,"href":"https:\/\/didoc.be\/fr\/wp-json\/wp\/v2\/comments?post=463"}],"version-history":[{"count":0,"href":"https:\/\/didoc.be\/fr\/wp-json\/wp\/v2\/pages\/463\/revisions"}],"wp:attachment":[{"href":"https:\/\/didoc.be\/fr\/wp-json\/wp\/v2\/media?parent=463"}],"curies":[{"name":"wp","href":"https:\/\/api.w.org\/{rel}","templated":true}]}}